{"id":3716,"date":"2021-12-17T09:45:21","date_gmt":"2021-12-17T16:45:21","guid":{"rendered":"https:\/\/b765244dc3.nxcli.io\/enfermeria\/"},"modified":"2025-06-12T12:42:12","modified_gmt":"2025-06-12T18:42:12","slug":"camacolumpio","status":"publish","type":"page","link":"https:\/\/riograndehospital.org\/es\/camacolumpio\/","title":{"rendered":"Cama columpio"},"content":{"rendered":"<p><div class=\"fusion-fullwidth fullwidth-box fusion-builder-row-1 nonhundred-percent-fullwidth non-hundred-percent-height-scrolling\" style=\"--awb-background-position:left top;--awb-border-sizes-top:0px;--awb-border-sizes-bottom:0px;--awb-border-sizes-left:0px;--awb-border-sizes-right:0px;--awb-border-radius-top-left:0px;--awb-border-radius-top-right:0px;--awb-border-radius-bottom-right:0px;--awb-border-radius-bottom-left:0px;--awb-flex-wrap:wrap;\" ><div class=\"fusion-builder-row fusion-row\"><div class=\"fusion-layout-column fusion_builder_column fusion-builder-column-0 fusion_builder_column_1_1 1_1 fusion-one-full fusion-column-first fusion-column-last fusion-column-no-min-height\" style=\"--awb-bg-size:cover;--awb-margin-bottom:0px;\"><div class=\"fusion-column-wrapper fusion-flex-column-wrapper-legacy\"><div class=\"fusion-title title fusion-title-1 sep-underline sep-solid fusion-title-center fusion-title-text fusion-title-size-one\" style=\"--awb-margin-top:20px;--awb-margin-bottom:40px;--awb-margin-top-small:0px;--awb-margin-right-small:0px;--awb-margin-bottom-small:20px;--awb-margin-left-small:0px;\"><h1 class=\"fusion-title-heading title-heading-center\" style=\"margin:0;\">Programa de Cama Columpio<\/h1><\/div><div class=\"fusion-image-element fusion-image-align-center in-legacy-container\" style=\"text-align:center;--awb-caption-title-font-family:var(--h2_typography-font-family);--awb-caption-title-font-weight:var(--h2_typography-font-weight);--awb-caption-title-font-style:var(--h2_typography-font-style);--awb-caption-title-size:var(--h2_typography-font-size);--awb-caption-title-transform:var(--h2_typography-text-transform);--awb-caption-title-line-height:var(--h2_typography-line-height);--awb-caption-title-letter-spacing:var(--h2_typography-letter-spacing);\"><div class=\"imageframe-align-center\"><span class=\" fusion-imageframe imageframe-none imageframe-1 hover-type-none\"><img decoding=\"async\" width=\"1400\" height=\"500\" title=\"SwingBedSlideSPAN\" src=\"https:\/\/riograndehospital.org\/wp-content\/uploads\/2022\/11\/SwingBedSlideSPAN.jpg\" alt class=\"img-responsive wp-image-4623\" srcset=\"https:\/\/riograndehospital.org\/wp-content\/uploads\/2022\/11\/SwingBedSlideSPAN-200x71.jpg 200w, https:\/\/riograndehospital.org\/wp-content\/uploads\/2022\/11\/SwingBedSlideSPAN-400x143.jpg 400w, https:\/\/riograndehospital.org\/wp-content\/uploads\/2022\/11\/SwingBedSlideSPAN-600x214.jpg 600w, https:\/\/riograndehospital.org\/wp-content\/uploads\/2022\/11\/SwingBedSlideSPAN-800x286.jpg 800w, https:\/\/riograndehospital.org\/wp-content\/uploads\/2022\/11\/SwingBedSlideSPAN-1200x429.jpg 1200w, https:\/\/riograndehospital.org\/wp-content\/uploads\/2022\/11\/SwingBedSlideSPAN.jpg 1400w\" sizes=\"(max-width: 800px) 100vw, 1400px\" \/><\/span><\/div><\/div><div class=\"fusion-text fusion-text-1\"><h4>Recup\u00e9rese m\u00e1s r\u00e1pido, m\u00e1s cerca de casa<\/h4>\n<h4>\u00bfQu\u00e9 es un programa de cama giratoria?<\/h4>\n<h4><img decoding=\"async\" class=\" wp-image-4614 alignleft\" src=\"https:\/\/riograndehospital.org\/wp-content\/uploads\/2022\/11\/SwingBed1.jpg\" alt=\"\" width=\"313\" height=\"207\" \/><\/h4>\n<p>Swing Beds\/Transitional Care son camas dedicadas a la atenci\u00f3n de enfermer\u00eda especializada, lo que permite a los pacientes continuar con el tratamiento m\u00e9dico despu\u00e9s del alta de un centro de cuidados intensivos. Los pacientes reciben atenci\u00f3n profesional, incluida la fisioterapia, y est\u00e1n m\u00e1s cerca de sus hogares o familiares durante el tratamiento y las terapias. El programa Swing Bed aumenta el acceso de los pacientes de Medicare a la atenci\u00f3n post-aguda en un centro de enfermer\u00eda especializada y maximiza la eficiencia de las operaciones al satisfacer las demandas impredecibles de atenci\u00f3n al paciente.<\/p>\n<p>Las camas oscilantes ofrecen a los pacientes, familiares y proveedores de atenci\u00f3n una oportunidad \u00fanica para mejorar y fortalecer el proceso de curaci\u00f3n. Las camas giratorias permiten mejorar la calidad de la atenci\u00f3n de los pacientes en \u00e1reas rurales, ya que pueden regresar a casa para continuar con los tratamientos:<\/p>\n<ul>\n<li>Las camas giratorias permiten que la familia y los amigos participen m\u00e1s de cerca en la rehabilitaci\u00f3n y la recuperaci\u00f3n.<\/li>\n<li>Las admisiones son menos traum\u00e1ticas y amenazantes para los pacientes, lo que supone un alivio psicol\u00f3gico y emocional.<\/li>\n<li>Las camas giratorias permiten que el paciente regrese a la comunidad, las personas y los sistemas de apoyo en los que se siente c\u00f3modo.<\/li>\n<li>Las admisiones en Swing Bed ofrecen esperanza para la recuperaci\u00f3n continua de cada paciente y el regreso a una vida independiente y funcional.<\/li>\n<\/ul>\n<h4>C\u00f3mo Funciona<\/h4>\n<p>Despu\u00e9s de una lesi\u00f3n o enfermedad que requiere hospitalizaci\u00f3n, a veces es necesario contar con atenci\u00f3n especializada o rehabilitaci\u00f3n para estar listo para regresar a casa. Nuestro programa Swing Bed le permite recuperarse m\u00e1s r\u00e1pido, m\u00e1s cerca de casa y mientras recibe atenci\u00f3n de nuestro equipo de atenci\u00f3n experto en un hospital.<\/p>\n<p>Nuestro objetivo es maximizar su salud para que pueda volver a su vida r\u00e1pidamente y evitar la readmisi\u00f3n innecesaria al hospital.<\/p>\n<h4>Qu\u00e9 est\u00e1 cubierto<\/h4>\n<ul>\n<li>Medicare paga el costo total de los primeros veinte (20) d\u00edas.<\/li>\n<li>Medicare paga el 80 % entre los d\u00edas 21 y 100, y el secundario o complementario pagar\u00e1 el 20 % (siempre que Medicare contin\u00fae con la cobertura).<\/li>\n<li>Otro seguro m\u00e9dico puede cubrir su estad\u00eda en la cama giratoria, o un paciente puede pagar con fondos privados.<\/li>\n<\/ul>\n<h4>Qui\u00e9n Califica<\/h4>\n<p>Para que Medicare cubra su estad\u00eda en la cama plegable, se deben cumplir los criterios m\u00e9dicos de calificaci\u00f3n espec\u00edficos.<\/p>\n<ul>\n<li>Estancia hospitalaria consecutiva m\u00ednima de tres (3) noches en los \u00faltimos treinta (30) d\u00edas<\/li>\n<li>Requiere servicios de enfermer\u00eda especializada o de terapia especializada<\/li>\n<\/ul>\n<h4>Servicios de rehabilitaci\u00f3n especializados<\/h4>\n<ul>\n<li>Evaluaci\u00f3n y entrenamiento de la marcha, la movilidad y la actividad<br \/>\nejercicios terapeuticos<\/li>\n<li>Modalidades terap\u00e9uticas<\/li>\n<li>Evaluaci\u00f3n y tratamiento de fisioterapia.<\/li>\n<\/ul>\n<h4>Servicios de enfermer\u00eda especializada<\/h4>\n<ul>\n<li>Inyecciones intravenosas\/intramusculares<\/li>\n<li>Inserci\u00f3n, irrigaci\u00f3n y reemplazo de cat\u00e9teres suprap\u00fabicos (SPC)<\/li>\n<li>Cuidado y mantenimiento de la l\u00ednea venosa central\/l\u00ednea perif\u00e9rica (PIV)<\/li>\n<li>Alimentaci\u00f3n por sonda nasog\u00e1strica, gastrostom\u00eda, yeyunostom\u00eda<\/li>\n<li>Aspiraci\u00f3n nasofar\u00edngea y traqueotom\u00eda<\/li>\n<li>Tratamiento de las \u00falceras de dec\u00fabito agudas<\/li>\n<li>Instituci\u00f3n y supervisi\u00f3n del programa de intestino y vejiga<\/li>\n<li>Cuidados de la colostom\u00eda\/ileostom\u00eda en el postoperatorio temprano<\/li>\n<li>Actividades docentes y formativas<\/li>\n<li>Cuidado de heridas y vendajes<\/li>\n<\/ul>\n<h4>Nosotros estamos aqui para ayudar<\/h4>\n<p>El personal est\u00e1 aqu\u00ed para ayudarlo con sus necesidades. Seguimos una larga tradici\u00f3n de atenci\u00f3n hospitalaria que se remonta a 1907. Somos una instalaci\u00f3n de primer nivel en el sur de Colorado y estamos aqu\u00ed para ayudarlo con sus necesidades. Rio Grande Hospital ofrece servicios de enfermer\u00eda especializada, servicios de rehabilitaci\u00f3n y servicios auxiliares a todos los pacientes en el Programa Swing Bed, que incluyen:<\/p>\n<ul>\n<li>Terapia f\u00edsica<\/li>\n<li>Farmacia propia<\/li>\n<li>Nuestros amables y calificados m\u00e9dicos y enfermeras est\u00e1n disponibles las 24 horas del d\u00eda.<\/li>\n<li>Dietista disponible para consulta<\/li>\n<li>Enfermeras y m\u00e9dicos certificados en cuidado de heridas en el lugar<\/li>\n<li>Servicios dentales<\/li>\n<\/ul>\n<p><strong>\u00a1P\u00f3ngase en contacto con nosotros hoy!<\/strong><br \/>\nGracia Sandoval<br \/>\n<strong>Coordinador de atenci\u00f3n<\/strong><br \/>\n<a href=\"mailto:swingbed@riograndehospital.net\">swingbed@riograndehospital.net<\/a><br \/>\nPhone: 719-657-3898<br \/>\nFax: 719-657-4079<\/p>\n<\/div><div class=\"fusion-sep-clear\"><\/div><div class=\"fusion-separator fusion-full-width-sep\" style=\"margin-left: auto;margin-right: auto;margin-top:20px;margin-bottom:40px;width:100%;\"><div class=\"fusion-separator-border sep-single sep-solid\" style=\"--awb-height:20px;--awb-amount:20px;--awb-sep-color:#000000;border-color:#000000;border-top-width:1px;\"><\/div><\/div><div class=\"fusion-sep-clear\"><\/div><div class=\"fusion-clearfix\"><\/div><\/div><\/div><div class=\"fusion-layout-column fusion_builder_column fusion-builder-column-1 fusion_builder_column_1_6 1_6 fusion-one-sixth fusion-column-first\" style=\"--awb-bg-size:cover;width:13.3333%; margin-right: 4%;\"><div class=\"fusion-column-wrapper fusion-flex-column-wrapper-legacy\"><div class=\"fusion-image-element in-legacy-container\" style=\"--awb-caption-title-font-family:var(--h2_typography-font-family);--awb-caption-title-font-weight:var(--h2_typography-font-weight);--awb-caption-title-font-style:var(--h2_typography-font-style);--awb-caption-title-size:var(--h2_typography-font-size);--awb-caption-title-transform:var(--h2_typography-text-transform);--awb-caption-title-line-height:var(--h2_typography-line-height);--awb-caption-title-letter-spacing:var(--h2_typography-letter-spacing);\"><span class=\" fusion-imageframe imageframe-none imageframe-2 hover-type-none\"><img decoding=\"async\" width=\"1291\" height=\"1619\" title=\"Ellen Lane\" src=\"https:\/\/riograndehospital.org\/wp-content\/uploads\/2022\/03\/Ellen-Lane.jpg\" alt class=\"img-responsive wp-image-4086\" srcset=\"https:\/\/riograndehospital.org\/wp-content\/uploads\/2022\/03\/Ellen-Lane-200x251.jpg 200w, https:\/\/riograndehospital.org\/wp-content\/uploads\/2022\/03\/Ellen-Lane-400x502.jpg 400w, https:\/\/riograndehospital.org\/wp-content\/uploads\/2022\/03\/Ellen-Lane-600x752.jpg 600w, https:\/\/riograndehospital.org\/wp-content\/uploads\/2022\/03\/Ellen-Lane-800x1003.jpg 800w, https:\/\/riograndehospital.org\/wp-content\/uploads\/2022\/03\/Ellen-Lane-1200x1505.jpg 1200w, https:\/\/riograndehospital.org\/wp-content\/uploads\/2022\/03\/Ellen-Lane.jpg 1291w\" sizes=\"(max-width: 800px) 100vw, 400px\" \/><\/span><\/div><div class=\"fusion-clearfix\"><\/div><\/div><\/div><div class=\"fusion-layout-column fusion_builder_column fusion-builder-column-2 fusion_builder_column_5_6 5_6 fusion-five-sixth fusion-column-last\" style=\"--awb-bg-size:cover;width:82.6666%;\"><div class=\"fusion-column-wrapper fusion-flex-column-wrapper-legacy\"><div class=\"fusion-text fusion-text-2\" style=\"--awb-text-transform:none;\"><p><span class=\"mark57t2il8nt\" data-markjs=\"true\" data-ogac=\"\" data-ogab=\"\" data-ogsc=\"\" data-ogsb=\"\">Ellen Lane, es nuestra directora de enfermer\u00eda y directora de operaciones. <\/span>Ellen trabaj\u00f3 14 a\u00f1os en St. Mary Corwin en todas las \u00e1reas de enfermer\u00eda y como Coordinadora de Trauma. Ha trabajado los \u00faltimos 5 a\u00f1os en un Hospital de Acceso Cr\u00edtico como CNO. Es profesora de ACLS, PALS, TNCC, ENPC y ha sido presentadora en muchos de los simposios de trauma en el estado.<\/p>\n<\/div><div class=\"fusion-clearfix\"><\/div><\/div><\/div><\/div><\/div><div class=\"fusion-fullwidth fullwidth-box fusion-builder-row-2 hundred-percent-fullwidth non-hundred-percent-height-scrolling fusion-no-small-visibility\" style=\"--awb-background-position:left top;--awb-border-sizes-top:0px;--awb-border-sizes-bottom:0px;--awb-border-sizes-left:0px;--awb-border-sizes-right:0px;--awb-border-radius-top-left:0px;--awb-border-radius-top-right:0px;--awb-border-radius-bottom-right:0px;--awb-border-radius-bottom-left:0px;--awb-padding-top:20px;--awb-padding-bottom:10px;--awb-background-color:#f4f4f4;--awb-flex-wrap:wrap;\" ><div class=\"fusion-builder-row fusion-row\"><div class=\"fusion-layout-column fusion_builder_column fusion-builder-column-3 fusion_builder_column_1_1 1_1 fusion-one-full fusion-column-first fusion-column-last\" style=\"--awb-bg-size:cover;\"><div class=\"fusion-column-wrapper fusion-column-has-shadow fusion-flex-column-wrapper-legacy\"><div class=\"fusion-text fusion-text-3\"><h5 style=\"text-align: center;\">Con una sonrisa y una mano amiga, brindamos atenci\u00f3n y servicio de calidad a nuestras comunidades.<\/h5>\n<\/div><div class=\"fusion-text fusion-text-4\"><p style=\"text-align: center;\">Nos distinguiremos como el destino de atenci\u00f3n m\u00e9dica de confianza.<br \/>\nBrindaremos atenci\u00f3n m\u00e9dica compasiva y abogaremos por el bienestar a trav\u00e9s del acceso innovador, la medicina preventiva,<br \/>\ny asociaciones colaborativas dentro de nuestra diversa comunidad.<\/p>\n<\/div><div class=\"fusion-clearfix\"><\/div><\/div><\/div><\/div><div class=\"fusion-builder-row fusion-row\"><\/div><\/div>\n<div class=\"fusion-fullwidth fullwidth-box fusion-builder-row-3 has-pattern-background has-mask-background nonhundred-percent-fullwidth non-hundred-percent-height-scrolling\" style=\"--awb-border-radius-top-left:0px;--awb-border-radius-top-right:0px;--awb-border-radius-bottom-right:0px;--awb-border-radius-bottom-left:0px;--awb-flex-wrap:wrap;\" ><div class=\"fusion-builder-row fusion-row\"><div class=\"fusion-layout-column fusion_builder_column fusion-builder-column-4 fusion_builder_column_1_1 1_1 fusion-one-full fusion-column-first fusion-column-last fusion-column-no-min-height\" style=\"--awb-bg-size:cover;--awb-margin-bottom:0px;\"><div class=\"fusion-column-wrapper fusion-flex-column-wrapper-legacy\"><div class=\"fusion-title title fusion-title-2 sep-underline sep-solid fusion-title-center fusion-title-text fusion-title-size-two\" style=\"--awb-margin-top:40px;--awb-margin-bottom:40px;--awb-margin-top-small:0px;--awb-margin-right-small:0px;--awb-margin-bottom-small:20px;--awb-margin-left-small:0px;\"><h2 class=\"fusion-title-heading title-heading-center\" style=\"margin:0;\">NUESTRAS UBICACIONES<\/h2><\/div><div class=\"fusion-clearfix\"><\/div><\/div><\/div><div class=\"fusion-layout-column fusion_builder_column fusion-builder-column-5 fusion_builder_column_1_5 1_5 fusion-one-fifth fusion-column-first\" style=\"--awb-bg-size:cover;width:16.8%; margin-right: 4%;\"><div class=\"fusion-column-wrapper fusion-flex-column-wrapper-legacy\"><div class=\"fusion-text fusion-text-5\"><h6 style=\"text-align: center;\"><em><strong>Hospital Rio Grande<\/strong><\/em><\/h6>\n<p style=\"text-align: center;\">310 County Road 14<br \/>\nDel Norte, CO 81132<br \/>\nTel: 719-657-2510<br \/>\nAbierto: 24 horas al d\u00eda, 7 d\u00edas a la semana<\/p>\n<\/div><div class=\"fusion-clearfix\"><\/div><\/div><\/div><div class=\"fusion-layout-column fusion_builder_column fusion-builder-column-6 fusion_builder_column_1_5 1_5 fusion-one-fifth\" style=\"--awb-bg-size:cover;width:16.8%; margin-right: 4%;\"><div class=\"fusion-column-wrapper fusion-flex-column-wrapper-legacy\"><div class=\"fusion-text fusion-text-6\"><h6 style=\"text-align: center;\"><b><i>Pr\u00e1ctica<\/i><\/b> <em><strong>familiar Creede<\/strong><\/em><\/h6>\n<p style=\"text-align: center;\">802 Rio Grande Ave<br \/>\nCreede, CO 81130<br \/>\nTel: 719-658-0929<\/p>\n<\/div><div class=\"fusion-clearfix\"><\/div><\/div><\/div><div class=\"fusion-layout-column fusion_builder_column fusion-builder-column-7 fusion_builder_column_1_5 1_5 fusion-one-fifth\" style=\"--awb-bg-size:cover;width:16.8%; margin-right: 4%;\"><div class=\"fusion-column-wrapper fusion-flex-column-wrapper-legacy\"><div class=\"fusion-text fusion-text-7\"><h6 style=\"text-align: center;\"><strong><i>Cl\u00ednica del Hospital Rio Grande<\/i><\/strong><\/h6>\n<p style=\"text-align: center;\">310C County Road 14<br \/>\nDel Norte, CO 81132<br \/>\nTel: 719-657-2418<\/p>\n<\/div><div class=\"fusion-clearfix\"><\/div><\/div><\/div><div class=\"fusion-layout-column fusion_builder_column fusion-builder-column-8 fusion_builder_column_1_5 1_5 fusion-one-fifth\" style=\"--awb-bg-size:cover;width:16.8%; margin-right: 4%;\"><div class=\"fusion-column-wrapper fusion-flex-column-wrapper-legacy\"><div class=\"fusion-text fusion-text-8\"><h6 style=\"text-align: center;\"><em><strong>Cl\u00ednica M\u00e9dica Monte Vista<\/strong><\/em><\/h6>\n<p style=\"text-align: center;\">1033 2nd Avenue<br \/>\nMonte Vista, CO 81144<br \/>\nTel: 719-852-8827<br \/>\nTel de farmacia: 719-628-0533<\/p>\n<\/div><div class=\"fusion-clearfix\"><\/div><\/div><\/div><div class=\"fusion-layout-column fusion_builder_column fusion-builder-column-9 fusion_builder_column_1_5 1_5 fusion-one-fifth fusion-column-last\" style=\"--awb-bg-size:cover;width:16.8%;\"><div class=\"fusion-column-wrapper fusion-flex-column-wrapper-legacy\"><div class=\"fusion-text fusion-text-9\"><h6 style=\"text-align: center;\"><em><strong>Cl\u00ednica del Hospital Rio Grande en South Fork<\/strong><\/em><\/h6>\n<p style=\"text-align: center;\">52 Jackson Street,<br \/>\nSouth Fork, CO 81154,<br \/>\nTel: 719-873-5494<\/p>\n<\/div><div class=\"fusion-clearfix\"><\/div><\/div><\/div><\/div><\/div>\n<\/p>\n","protected":false},"excerpt":{"rendered":"","protected":false},"author":1,"featured_media":0,"parent":0,"menu_order":0,"comment_status":"closed","ping_status":"closed","template":"100-width.php","meta":{"footnotes":""},"class_list":["post-3716","page","type-page","status-publish","hentry"],"yoast_head":"<!-- This site is optimized with the Yoast SEO plugin v27.4 - https:\/\/yoast.com\/product\/yoast-seo-wordpress\/ -->\n<title>Cama columpio - Rio Grande Hospital Health Care Clinics Monte Vista Del Norte South Fork Creede Colorado<\/title>\n<meta name=\"robots\" content=\"index, follow, max-snippet:-1, max-image-preview:large, max-video-preview:-1\" \/>\n<link rel=\"canonical\" href=\"https:\/\/riograndehospital.org\/es\/camacolumpio\/\" \/>\n<meta property=\"og:locale\" content=\"es_ES\" \/>\n<meta property=\"og:type\" content=\"article\" \/>\n<meta property=\"og:title\" content=\"Cama columpio - Rio Grande Hospital Health Care Clinics Monte Vista Del Norte South Fork Creede Colorado\" \/>\n<meta property=\"og:url\" content=\"https:\/\/riograndehospital.org\/es\/camacolumpio\/\" \/>\n<meta property=\"og:site_name\" content=\"Rio Grande Hospital Health Care Clinics Monte Vista Del Norte South Fork Creede Colorado\" \/>\n<meta property=\"article:publisher\" content=\"https:\/\/facebook.com\/Rio-Grande-Hospital\" \/>\n<meta property=\"article:modified_time\" content=\"2025-06-12T18:42:12+00:00\" \/>\n<meta property=\"og:image\" content=\"https:\/\/riograndehospital.org\/wp-content\/uploads\/2022\/11\/SwingBed1.jpg\" \/>\n<meta name=\"twitter:card\" content=\"summary_large_image\" \/>\n<meta name=\"twitter:label1\" content=\"Tiempo de lectura\" \/>\n\t<meta name=\"twitter:data1\" content=\"5 minutos\" \/>\n<script type=\"application\/ld+json\" class=\"yoast-schema-graph\">{\"@context\":\"https:\\\/\\\/schema.org\",\"@graph\":[{\"@type\":\"WebPage\",\"@id\":\"https:\\\/\\\/riograndehospital.org\\\/es\\\/camacolumpio\\\/\",\"url\":\"https:\\\/\\\/riograndehospital.org\\\/es\\\/camacolumpio\\\/\",\"name\":\"Cama columpio - Rio Grande Hospital Health Care Clinics Monte Vista Del Norte South Fork Creede Colorado\",\"isPartOf\":{\"@id\":\"https:\\\/\\\/riograndehospital.org\\\/es\\\/#website\"},\"primaryImageOfPage\":{\"@id\":\"https:\\\/\\\/riograndehospital.org\\\/es\\\/camacolumpio\\\/#primaryimage\"},\"image\":{\"@id\":\"https:\\\/\\\/riograndehospital.org\\\/es\\\/camacolumpio\\\/#primaryimage\"},\"thumbnailUrl\":\"https:\\\/\\\/riograndehospital.org\\\/wp-content\\\/uploads\\\/2022\\\/11\\\/SwingBed1.jpg\",\"datePublished\":\"2021-12-17T16:45:21+00:00\",\"dateModified\":\"2025-06-12T18:42:12+00:00\",\"breadcrumb\":{\"@id\":\"https:\\\/\\\/riograndehospital.org\\\/es\\\/camacolumpio\\\/#breadcrumb\"},\"inLanguage\":\"es\",\"potentialAction\":[{\"@type\":\"ReadAction\",\"target\":[\"https:\\\/\\\/riograndehospital.org\\\/es\\\/camacolumpio\\\/\"]}]},{\"@type\":\"ImageObject\",\"inLanguage\":\"es\",\"@id\":\"https:\\\/\\\/riograndehospital.org\\\/es\\\/camacolumpio\\\/#primaryimage\",\"url\":\"https:\\\/\\\/riograndehospital.org\\\/wp-content\\\/uploads\\\/2022\\\/11\\\/SwingBed1.jpg\",\"contentUrl\":\"https:\\\/\\\/riograndehospital.org\\\/wp-content\\\/uploads\\\/2022\\\/11\\\/SwingBed1.jpg\"},{\"@type\":\"BreadcrumbList\",\"@id\":\"https:\\\/\\\/riograndehospital.org\\\/es\\\/camacolumpio\\\/#breadcrumb\",\"itemListElement\":[{\"@type\":\"ListItem\",\"position\":1,\"name\":\"Home\",\"item\":\"https:\\\/\\\/riograndehospital.org\\\/es\\\/\"},{\"@type\":\"ListItem\",\"position\":2,\"name\":\"Cama columpio\"}]},{\"@type\":\"WebSite\",\"@id\":\"https:\\\/\\\/riograndehospital.org\\\/es\\\/#website\",\"url\":\"https:\\\/\\\/riograndehospital.org\\\/es\\\/\",\"name\":\"Rio Grande Hospital Health Care Clinics Monte Vista Del Norte South Fork Creede Colorado\",\"description\":\"With a smile and a helping hand, we will provide quality healthcare for the communities we serve.\",\"publisher\":{\"@id\":\"https:\\\/\\\/riograndehospital.org\\\/es\\\/#organization\"},\"potentialAction\":[{\"@type\":\"SearchAction\",\"target\":{\"@type\":\"EntryPoint\",\"urlTemplate\":\"https:\\\/\\\/riograndehospital.org\\\/es\\\/?s={search_term_string}\"},\"query-input\":{\"@type\":\"PropertyValueSpecification\",\"valueRequired\":true,\"valueName\":\"search_term_string\"}}],\"inLanguage\":\"es\"},{\"@type\":\"Organization\",\"@id\":\"https:\\\/\\\/riograndehospital.org\\\/es\\\/#organization\",\"name\":\"Rio Grande Hospital\",\"url\":\"https:\\\/\\\/riograndehospital.org\\\/es\\\/\",\"logo\":{\"@type\":\"ImageObject\",\"inLanguage\":\"es\",\"@id\":\"https:\\\/\\\/riograndehospital.org\\\/es\\\/#\\\/schema\\\/logo\\\/image\\\/\",\"url\":\"https:\\\/\\\/b765244dc3.nxcli.io\\\/wp-content\\\/uploads\\\/2016\\\/09\\\/RGHLogo200.png\",\"contentUrl\":\"https:\\\/\\\/b765244dc3.nxcli.io\\\/wp-content\\\/uploads\\\/2016\\\/09\\\/RGHLogo200.png\",\"width\":200,\"height\":159,\"caption\":\"Rio Grande Hospital\"},\"image\":{\"@id\":\"https:\\\/\\\/riograndehospital.org\\\/es\\\/#\\\/schema\\\/logo\\\/image\\\/\"},\"sameAs\":[\"https:\\\/\\\/facebook.com\\\/Rio-Grande-Hospital\"]}]}<\/script>\n<!-- \/ Yoast SEO plugin. -->","yoast_head_json":{"title":"Cama columpio - Rio Grande Hospital Health Care Clinics Monte Vista Del Norte South Fork Creede Colorado","robots":{"index":"index","follow":"follow","max-snippet":"max-snippet:-1","max-image-preview":"max-image-preview:large","max-video-preview":"max-video-preview:-1"},"canonical":"https:\/\/riograndehospital.org\/es\/camacolumpio\/","og_locale":"es_ES","og_type":"article","og_title":"Cama columpio - Rio Grande Hospital Health Care Clinics Monte Vista Del Norte South Fork Creede Colorado","og_url":"https:\/\/riograndehospital.org\/es\/camacolumpio\/","og_site_name":"Rio Grande Hospital Health Care Clinics Monte Vista Del Norte South Fork Creede Colorado","article_publisher":"https:\/\/facebook.com\/Rio-Grande-Hospital","article_modified_time":"2025-06-12T18:42:12+00:00","og_image":[{"url":"https:\/\/riograndehospital.org\/wp-content\/uploads\/2022\/11\/SwingBed1.jpg","type":"","width":"","height":""}],"twitter_card":"summary_large_image","twitter_misc":{"Tiempo de lectura":"5 minutos"},"schema":{"@context":"https:\/\/schema.org","@graph":[{"@type":"WebPage","@id":"https:\/\/riograndehospital.org\/es\/camacolumpio\/","url":"https:\/\/riograndehospital.org\/es\/camacolumpio\/","name":"Cama columpio - Rio Grande Hospital Health Care Clinics Monte Vista Del Norte South Fork Creede Colorado","isPartOf":{"@id":"https:\/\/riograndehospital.org\/es\/#website"},"primaryImageOfPage":{"@id":"https:\/\/riograndehospital.org\/es\/camacolumpio\/#primaryimage"},"image":{"@id":"https:\/\/riograndehospital.org\/es\/camacolumpio\/#primaryimage"},"thumbnailUrl":"https:\/\/riograndehospital.org\/wp-content\/uploads\/2022\/11\/SwingBed1.jpg","datePublished":"2021-12-17T16:45:21+00:00","dateModified":"2025-06-12T18:42:12+00:00","breadcrumb":{"@id":"https:\/\/riograndehospital.org\/es\/camacolumpio\/#breadcrumb"},"inLanguage":"es","potentialAction":[{"@type":"ReadAction","target":["https:\/\/riograndehospital.org\/es\/camacolumpio\/"]}]},{"@type":"ImageObject","inLanguage":"es","@id":"https:\/\/riograndehospital.org\/es\/camacolumpio\/#primaryimage","url":"https:\/\/riograndehospital.org\/wp-content\/uploads\/2022\/11\/SwingBed1.jpg","contentUrl":"https:\/\/riograndehospital.org\/wp-content\/uploads\/2022\/11\/SwingBed1.jpg"},{"@type":"BreadcrumbList","@id":"https:\/\/riograndehospital.org\/es\/camacolumpio\/#breadcrumb","itemListElement":[{"@type":"ListItem","position":1,"name":"Home","item":"https:\/\/riograndehospital.org\/es\/"},{"@type":"ListItem","position":2,"name":"Cama columpio"}]},{"@type":"WebSite","@id":"https:\/\/riograndehospital.org\/es\/#website","url":"https:\/\/riograndehospital.org\/es\/","name":"Rio Grande Hospital Health Care Clinics Monte Vista Del Norte South Fork Creede Colorado","description":"With a smile and a helping hand, we will provide quality healthcare for the communities we serve.","publisher":{"@id":"https:\/\/riograndehospital.org\/es\/#organization"},"potentialAction":[{"@type":"SearchAction","target":{"@type":"EntryPoint","urlTemplate":"https:\/\/riograndehospital.org\/es\/?s={search_term_string}"},"query-input":{"@type":"PropertyValueSpecification","valueRequired":true,"valueName":"search_term_string"}}],"inLanguage":"es"},{"@type":"Organization","@id":"https:\/\/riograndehospital.org\/es\/#organization","name":"Rio Grande Hospital","url":"https:\/\/riograndehospital.org\/es\/","logo":{"@type":"ImageObject","inLanguage":"es","@id":"https:\/\/riograndehospital.org\/es\/#\/schema\/logo\/image\/","url":"https:\/\/b765244dc3.nxcli.io\/wp-content\/uploads\/2016\/09\/RGHLogo200.png","contentUrl":"https:\/\/b765244dc3.nxcli.io\/wp-content\/uploads\/2016\/09\/RGHLogo200.png","width":200,"height":159,"caption":"Rio Grande Hospital"},"image":{"@id":"https:\/\/riograndehospital.org\/es\/#\/schema\/logo\/image\/"},"sameAs":["https:\/\/facebook.com\/Rio-Grande-Hospital"]}]}},"_links":{"self":[{"href":"https:\/\/riograndehospital.org\/es\/wp-json\/wp\/v2\/pages\/3716","targetHints":{"allow":["GET"]}}],"collection":[{"href":"https:\/\/riograndehospital.org\/es\/wp-json\/wp\/v2\/pages"}],"about":[{"href":"https:\/\/riograndehospital.org\/es\/wp-json\/wp\/v2\/types\/page"}],"author":[{"embeddable":true,"href":"https:\/\/riograndehospital.org\/es\/wp-json\/wp\/v2\/users\/1"}],"replies":[{"embeddable":true,"href":"https:\/\/riograndehospital.org\/es\/wp-json\/wp\/v2\/comments?post=3716"}],"version-history":[{"count":2,"href":"https:\/\/riograndehospital.org\/es\/wp-json\/wp\/v2\/pages\/3716\/revisions"}],"predecessor-version":[{"id":7056,"href":"https:\/\/riograndehospital.org\/es\/wp-json\/wp\/v2\/pages\/3716\/revisions\/7056"}],"wp:attachment":[{"href":"https:\/\/riograndehospital.org\/es\/wp-json\/wp\/v2\/media?parent=3716"}],"curies":[{"name":"wp","href":"https:\/\/api.w.org\/{rel}","templated":true}]}}