{"id":3747,"date":"2017-12-29T10:14:20","date_gmt":"2017-12-29T17:14:20","guid":{"rendered":"https:\/\/b765244dc3.nxcli.io\/evaluacion-de-las-necesidades-de-salud-de-la-comunidad\/"},"modified":"2025-06-13T16:55:07","modified_gmt":"2025-06-13T22:55:07","slug":"chna","status":"publish","type":"page","link":"https:\/\/riograndehospital.org\/es\/chna\/","title":{"rendered":"Community Health Needs Assessment"},"content":{"rendered":"<p><div class=\"fusion-fullwidth fullwidth-box fusion-builder-row-1 nonhundred-percent-fullwidth non-hundred-percent-height-scrolling\" style=\"--awb-background-position:left top;--awb-border-sizes-top:0px;--awb-border-sizes-bottom:0px;--awb-border-sizes-left:0px;--awb-border-sizes-right:0px;--awb-border-radius-top-left:0px;--awb-border-radius-top-right:0px;--awb-border-radius-bottom-right:0px;--awb-border-radius-bottom-left:0px;--awb-flex-wrap:wrap;\" ><div class=\"fusion-builder-row fusion-row\"><div class=\"fusion-layout-column fusion_builder_column fusion-builder-column-0 fusion_builder_column_1_1 1_1 fusion-one-full fusion-column-first fusion-column-last fusion-column-no-min-height\" style=\"--awb-bg-blend:overlay;--awb-bg-size:cover;--awb-margin-bottom:0px;\"><div class=\"fusion-column-wrapper fusion-flex-column-wrapper-legacy\"><div class=\"fusion-column-content-centered\"><div class=\"fusion-column-content\"><div class=\"fusion-text fusion-text-1\" style=\"--awb-text-transform:none;--awb-text-color:#99201e;\"><h4 style=\"text-align: center; --fontsize: 28; line-height: 1.5;\" data-fontsize=\"28\" data-lineheight=\"42px\">La Evaluaci\u00f3n de Necesidades de Salud de la Comunidad (CHNA) es el proceso continuo que nuestro hospital utiliza para evaluar las necesidades de salud de nuestra comunidad y las estrategias para abordarlas.<\/h4>\n<h1 class=\"\" style=\"text-align: center; --fontsize: 34; line-height: 1.5;\" data-fontsize=\"34\" data-lineheight=\"51px\"><a href=\"https:\/\/riograndehospital.org\/wp-content\/uploads\/2024\/12\/2025-RGH-CHNA-Final.pdf\" rel=\"attachment wp-att-6113\"><img decoding=\"async\" class=\"aligncenter wp-image-6113\" src=\"https:\/\/riograndehospital.org\/wp-content\/uploads\/2024\/12\/CHNA-illustration-.png\" alt=\"\" width=\"681\" height=\"383\" srcset=\"https:\/\/riograndehospital.org\/wp-content\/uploads\/2024\/12\/CHNA-illustration--200x113.png 200w, https:\/\/riograndehospital.org\/wp-content\/uploads\/2024\/12\/CHNA-illustration--300x169.png 300w, https:\/\/riograndehospital.org\/wp-content\/uploads\/2024\/12\/CHNA-illustration--400x225.png 400w, https:\/\/riograndehospital.org\/wp-content\/uploads\/2024\/12\/CHNA-illustration--600x338.png 600w, https:\/\/riograndehospital.org\/wp-content\/uploads\/2024\/12\/CHNA-illustration--768x432.png 768w, https:\/\/riograndehospital.org\/wp-content\/uploads\/2024\/12\/CHNA-illustration--800x450.png 800w, https:\/\/riograndehospital.org\/wp-content\/uploads\/2024\/12\/CHNA-illustration--1024x576.png 1024w, https:\/\/riograndehospital.org\/wp-content\/uploads\/2024\/12\/CHNA-illustration--1200x675.png 1200w, https:\/\/riograndehospital.org\/wp-content\/uploads\/2024\/12\/CHNA-illustration--1536x864.png 1536w, https:\/\/riograndehospital.org\/wp-content\/uploads\/2024\/12\/CHNA-illustration-.png 1920w\" sizes=\"(max-width: 681px) 100vw, 681px\" \/><\/a>La evaluaci\u00f3n de necesidades de salud comunitaria 2025-2027 ya est\u00e1 disponible<\/h1>\n<p style=\"text-align: center;\"><span style=\"text-decoration: underline;\"><strong><a href=\"https:\/\/riograndehospital.org\/wp-content\/uploads\/2024\/12\/2025-RGH-CHNA-Final.pdf\" target=\"_blank\" rel=\"noopener\">Haga clic AQU\u00cd para descargar la Evaluaci\u00f3n de Necesidades de Salud Comunitaria 2025-2027<\/a><\/strong><\/span><\/p>\n<p style=\"text-align: center;\">\u00a1Gracias por defender la salud y el bienestar de nuestra comunidad!<\/p>\n<hr \/>\n<p class=\"x_MsoNormal\"><strong>\u00bfQu\u00e9 es un CHNA?<\/strong><\/p>\n<p class=\"x_MsoNormal\">Una Evaluaci\u00f3n de Necesidades de Salud Comunitaria (CHNA) es un proceso integral que nos permite comprender las necesidades de salud y bienestar de las comunidades a las que servimos. Cada tres a\u00f1os, hospitales sin fines de lucro como el nuestro deben realizar una CHNA para identificar los problemas de salud m\u00e1s urgentes en nuestra \u00e1rea. Esto nos ayuda a priorizar nuestros recursos y desarrollar estrategias para abordar dichas necesidades.<\/p>\n<p class=\"x_MsoNormal\"><strong>\u00bfPor qu\u00e9 es importante el CHNA?<\/strong><\/p>\n<p class=\"x_MsoNormal\">La CHNA es m\u00e1s que un simple requisito; es una herramienta vital para mejorar la salud y el bienestar de nuestra comunidad. Aqu\u00ed te explicamos por qu\u00e9:<\/p>\n<ol start=\"1\" type=\"1\">\n<li class=\"x_MsoNormal\"><strong>Identifica las necesidades de la comunidad:<\/strong> La CHNA nos ayuda a comprender los desaf\u00edos y necesidades de salud \u00fanicos de los miembros de nuestra comunidad. Al recopilar las opiniones de residentes como usted, podemos identificar las mayores necesidades, ya sea apoyo para la salud mental, manejo de enfermedades cr\u00f3nicas, acceso a atenci\u00f3n m\u00e9dica u otras \u00e1reas cr\u00edticas.<\/li>\n<li class=\"x_MsoNormal\"><strong>Informa a los programas y servicios de salud:<\/strong> La informaci\u00f3n que recopilamos durante el proceso de la CHNA nos gu\u00eda en el desarrollo de programas y servicios que abordan directamente las necesidades identificadas. Esto significa que sus comentarios pueden impulsar la creaci\u00f3n de nuevas iniciativas de salud, recursos educativos y esfuerzos de extensi\u00f3n comunitaria que benefician a todos.<\/li>\n<li class=\"x_MsoNormal\"><strong>Apoya la financiaci\u00f3n y los recursos:<\/strong> Cuando comprendemos claramente las necesidades de nuestra comunidad, podemos asignar mejor nuestros recursos y buscar financiaci\u00f3n adicional para apoyar programas esenciales. Su opini\u00f3n marca una gran diferencia en c\u00f3mo moldeamos el futuro de la atenci\u00f3n m\u00e9dica en nuestra \u00e1rea.<\/li>\n<\/ol>\n<hr \/>\n<h1 class=\"\" style=\"text-align: center; --fontsize: 34; line-height: 1.5;\" data-fontsize=\"34\" data-lineheight=\"51px\"><em>Informes anteriores<\/em><br \/>\nEvaluaci\u00f3n de las necesidades de salud comunitaria 2022-2024<\/h1>\n<p style=\"text-align: center;\"><span style=\"text-decoration: underline;\"><strong><a href=\"https:\/\/riograndehospital.org\/wp-content\/uploads\/2021\/12\/2022-RGH-CHNA-Final.pdf\">Click HERE to download the 2022-2024 Community Health Needs Assessment<\/a><\/strong><\/span><\/p>\n<h3 class=\"\" style=\"text-align: center; --fontsize: 28; line-height: 1.5;\" data-fontsize=\"28\" data-lineheight=\"42px\"><strong><a href=\"https:\/\/riograndehospital.org\/wp-content\/uploads\/2022\/07\/Copy-of-2022-RGH-CHNA-in-word-v1.pdf\">Haga clic aqu\u00ed para ver en espa\u00f1ol<br \/>\nview here in Spanish <\/a><\/strong><\/h3>\n<h3 class=\"\" style=\"text-align: center; --fontsize: 28; line-height: 1.5;\" data-fontsize=\"28\" data-lineheight=\"42px\"><em>Thank you for helping us improve our community&#8217;s health.<\/em><\/h3>\n<h1 class=\"\" style=\"text-align: center; --fontsize: 34; line-height: 1.5;\" data-fontsize=\"34\" data-lineheight=\"51px\">&#8212;&#8212;&#8212;&#8212;&#8212;&#8212;&#8212;&#8212;&#8212;&#8212;&#8212;&#8212;&#8212;&#8212;&#8212;&#8212;&#8212;&#8212;&#8212;&#8212;&#8212;&#8212;&#8212;&#8212;<\/h1>\n<h1 class=\"\" style=\"text-align: center; --fontsize: 34; line-height: 1.5;\" data-fontsize=\"34\" data-lineheight=\"51px\">Evaluaci\u00f3n de las necesidades de salud comunitaria 2019-2021<\/h1>\n<p style=\"text-align: center;\"><span style=\"text-decoration: underline;\"><strong><a href=\"https:\/\/riograndehospital.org\/wp-content\/uploads\/2018\/12\/RGH2018CommunityHealthNeedsAssessment-1.pdf\" target=\"_blank\" rel=\"noopener noreferrer\">Haga clic AQU\u00cd para descargar la Evaluaci\u00f3n de Necesidades de Salud Comunitaria 2019-2022<\/a><\/strong><\/span><\/p>\n<\/div><div class=\"fusion-sep-clear\"><\/div><div class=\"fusion-separator fusion-full-width-sep\" style=\"margin-left: auto;margin-right: auto;width:100%;\"><div class=\"fusion-separator-border sep-single sep-solid\" style=\"--awb-height:20px;--awb-amount:20px;--awb-sep-color:#000000;border-color:#000000;border-top-width:1px;\"><\/div><\/div><div class=\"fusion-sep-clear\"><\/div><\/div><\/div><div class=\"fusion-clearfix\"><\/div><\/div><\/div><\/div><\/div><div class=\"fusion-fullwidth fullwidth-box fusion-builder-row-2 nonhundred-percent-fullwidth non-hundred-percent-height-scrolling\" style=\"--awb-background-position:left top;--awb-border-radius-top-left:0px;--awb-border-radius-top-right:0px;--awb-border-radius-bottom-right:0px;--awb-border-radius-bottom-left:0px;--awb-flex-wrap:wrap;\" ><div class=\"fusion-builder-row fusion-row\"><\/div><\/div><div class=\"fusion-fullwidth fullwidth-box fusion-builder-row-3 nonhundred-percent-fullwidth non-hundred-percent-height-scrolling\" style=\"--awb-background-position:left top;--awb-border-sizes-top:0px;--awb-border-sizes-bottom:0px;--awb-border-sizes-left:0px;--awb-border-sizes-right:0px;--awb-border-radius-top-left:0px;--awb-border-radius-top-right:0px;--awb-border-radius-bottom-right:0px;--awb-border-radius-bottom-left:0px;--awb-flex-wrap:wrap;\" ><div class=\"fusion-builder-row fusion-row\"><\/div><\/div><div class=\"fusion-fullwidth fullwidth-box fusion-builder-row-4 hundred-percent-fullwidth non-hundred-percent-height-scrolling fusion-no-small-visibility\" style=\"--awb-background-position:left top;--awb-border-sizes-top:0px;--awb-border-sizes-bottom:0px;--awb-border-sizes-left:0px;--awb-border-sizes-right:0px;--awb-border-radius-top-left:0px;--awb-border-radius-top-right:0px;--awb-border-radius-bottom-right:0px;--awb-border-radius-bottom-left:0px;--awb-padding-top:20px;--awb-padding-bottom:10px;--awb-background-color:#f4f4f4;--awb-flex-wrap:wrap;\" ><div class=\"fusion-builder-row fusion-row\"><div class=\"fusion-layout-column fusion_builder_column fusion-builder-column-1 fusion_builder_column_1_1 1_1 fusion-one-full fusion-column-first fusion-column-last\" style=\"--awb-bg-size:cover;\"><div class=\"fusion-column-wrapper fusion-column-has-shadow fusion-flex-column-wrapper-legacy\"><div class=\"fusion-text fusion-text-2\"><h5 style=\"text-align: center;\">Con una sonrisa y una mano amiga, brindamos atenci\u00f3n y servicio de calidad a nuestras comunidades.<\/h5>\n<\/div><div class=\"fusion-text fusion-text-3\"><p style=\"text-align: center;\">Nos distinguiremos como el destino de atenci\u00f3n m\u00e9dica de confianza.<br \/>\nBrindaremos atenci\u00f3n m\u00e9dica compasiva y abogaremos por el bienestar a trav\u00e9s del acceso innovador, la medicina preventiva,<br \/>\ny asociaciones colaborativas dentro de nuestra diversa comunidad.<\/p>\n<\/div><div class=\"fusion-clearfix\"><\/div><\/div><\/div><\/div><div class=\"fusion-builder-row fusion-row\"><\/div><\/div>\n<div class=\"fusion-fullwidth fullwidth-box fusion-builder-row-5 has-pattern-background has-mask-background nonhundred-percent-fullwidth non-hundred-percent-height-scrolling\" style=\"--awb-border-radius-top-left:0px;--awb-border-radius-top-right:0px;--awb-border-radius-bottom-right:0px;--awb-border-radius-bottom-left:0px;--awb-flex-wrap:wrap;\" ><div class=\"fusion-builder-row fusion-row\"><div class=\"fusion-layout-column fusion_builder_column fusion-builder-column-2 fusion_builder_column_1_1 1_1 fusion-one-full fusion-column-first fusion-column-last fusion-column-no-min-height\" style=\"--awb-bg-size:cover;--awb-margin-bottom:0px;\"><div class=\"fusion-column-wrapper fusion-flex-column-wrapper-legacy\"><div class=\"fusion-title title fusion-title-1 sep-underline sep-solid fusion-title-center fusion-title-text fusion-title-size-two\" style=\"--awb-margin-top:40px;--awb-margin-bottom:40px;--awb-margin-top-small:0px;--awb-margin-right-small:0px;--awb-margin-bottom-small:20px;--awb-margin-left-small:0px;\"><h2 class=\"fusion-title-heading title-heading-center\" style=\"margin:0;\">NUESTRAS UBICACIONES<\/h2><\/div><div class=\"fusion-clearfix\"><\/div><\/div><\/div><div class=\"fusion-layout-column fusion_builder_column fusion-builder-column-3 fusion_builder_column_1_5 1_5 fusion-one-fifth fusion-column-first\" style=\"--awb-bg-size:cover;width:16.8%; margin-right: 4%;\"><div class=\"fusion-column-wrapper fusion-flex-column-wrapper-legacy\"><div class=\"fusion-text fusion-text-4\"><h6 style=\"text-align: center;\"><em><strong>Hospital Rio Grande<\/strong><\/em><\/h6>\n<p style=\"text-align: center;\">310 County Road 14<br \/>\nDel Norte, CO 81132<br \/>\nTel: 719-657-2510<br \/>\nAbierto: 24 horas al d\u00eda, 7 d\u00edas a la semana<\/p>\n<\/div><div class=\"fusion-clearfix\"><\/div><\/div><\/div><div class=\"fusion-layout-column fusion_builder_column fusion-builder-column-4 fusion_builder_column_1_5 1_5 fusion-one-fifth\" style=\"--awb-bg-size:cover;width:16.8%; margin-right: 4%;\"><div class=\"fusion-column-wrapper fusion-flex-column-wrapper-legacy\"><div class=\"fusion-text fusion-text-5\"><h6 style=\"text-align: center;\"><b><i>Pr\u00e1ctica<\/i><\/b> <em><strong>familiar Creede<\/strong><\/em><\/h6>\n<p style=\"text-align: center;\">802 Rio Grande Ave<br \/>\nCreede, CO 81130<br \/>\nTel: 719-658-0929<\/p>\n<\/div><div class=\"fusion-clearfix\"><\/div><\/div><\/div><div class=\"fusion-layout-column fusion_builder_column fusion-builder-column-5 fusion_builder_column_1_5 1_5 fusion-one-fifth\" style=\"--awb-bg-size:cover;width:16.8%; margin-right: 4%;\"><div class=\"fusion-column-wrapper fusion-flex-column-wrapper-legacy\"><div class=\"fusion-text fusion-text-6\"><h6 style=\"text-align: center;\"><strong><i>Cl\u00ednica del Hospital Rio Grande<\/i><\/strong><\/h6>\n<p style=\"text-align: center;\">310C County Road 14<br \/>\nDel Norte, CO 81132<br \/>\nTel: 719-657-2418<\/p>\n<\/div><div class=\"fusion-clearfix\"><\/div><\/div><\/div><div class=\"fusion-layout-column fusion_builder_column fusion-builder-column-6 fusion_builder_column_1_5 1_5 fusion-one-fifth\" style=\"--awb-bg-size:cover;width:16.8%; margin-right: 4%;\"><div class=\"fusion-column-wrapper fusion-flex-column-wrapper-legacy\"><div class=\"fusion-text fusion-text-7\"><h6 style=\"text-align: center;\"><em><strong>Cl\u00ednica M\u00e9dica Monte Vista<\/strong><\/em><\/h6>\n<p style=\"text-align: center;\">1033 2nd Avenue<br \/>\nMonte Vista, CO 81144<br \/>\nTel: 719-852-8827<br \/>\nTel de farmacia: 719-628-0533<\/p>\n<\/div><div class=\"fusion-clearfix\"><\/div><\/div><\/div><div class=\"fusion-layout-column fusion_builder_column fusion-builder-column-7 fusion_builder_column_1_5 1_5 fusion-one-fifth fusion-column-last\" style=\"--awb-bg-size:cover;width:16.8%;\"><div class=\"fusion-column-wrapper fusion-flex-column-wrapper-legacy\"><div class=\"fusion-text fusion-text-8\"><h6 style=\"text-align: center;\"><em><strong>Cl\u00ednica del Hospital Rio Grande en South Fork<\/strong><\/em><\/h6>\n<p style=\"text-align: center;\">52 Jackson Street,<br \/>\nSouth Fork, CO 81154,<br \/>\nTel: 719-873-5494<\/p>\n<\/div><div class=\"fusion-clearfix\"><\/div><\/div><\/div><\/div><\/div>\n<\/p>\n","protected":false},"excerpt":{"rendered":"","protected":false},"author":1,"featured_media":6098,"parent":0,"menu_order":0,"comment_status":"closed","ping_status":"closed","template":"100-width.php","meta":{"footnotes":""},"class_list":["post-3747","page","type-page","status-publish","has-post-thumbnail","hentry"],"yoast_head":"<!-- This site is optimized with the Yoast SEO plugin v27.4 - https:\/\/yoast.com\/product\/yoast-seo-wordpress\/ -->\n<title>Community Health Needs Assessment - Rio Grande Hospital Health Care Clinics Monte Vista Del Norte South Fork Creede Colorado<\/title>\n<meta name=\"robots\" content=\"index, follow, max-snippet:-1, max-image-preview:large, max-video-preview:-1\" \/>\n<link rel=\"canonical\" href=\"https:\/\/riograndehospital.org\/es\/chna\/\" \/>\n<meta property=\"og:locale\" content=\"es_ES\" \/>\n<meta property=\"og:type\" content=\"article\" \/>\n<meta property=\"og:title\" content=\"Community Health Needs Assessment - Rio Grande Hospital Health Care Clinics Monte Vista Del Norte South Fork Creede Colorado\" \/>\n<meta property=\"og:url\" content=\"https:\/\/riograndehospital.org\/es\/chna\/\" \/>\n<meta property=\"og:site_name\" content=\"Rio Grande Hospital Health Care Clinics Monte Vista Del Norte South Fork Creede Colorado\" \/>\n<meta property=\"article:publisher\" content=\"https:\/\/facebook.com\/Rio-Grande-Hospital\" \/>\n<meta property=\"article:modified_time\" content=\"2025-06-13T22:55:07+00:00\" \/>\n<meta property=\"og:image\" content=\"https:\/\/riograndehospital.org\/wp-content\/uploads\/2024\/12\/CHNA-photo-1024x813.png\" \/>\n\t<meta property=\"og:image:width\" content=\"1024\" \/>\n\t<meta property=\"og:image:height\" content=\"813\" \/>\n\t<meta property=\"og:image:type\" content=\"image\/png\" \/>\n<meta name=\"twitter:card\" content=\"summary_large_image\" \/>\n<meta name=\"twitter:label1\" content=\"Tiempo de lectura\" \/>\n\t<meta name=\"twitter:data1\" content=\"3 minutos\" \/>\n<script type=\"application\/ld+json\" class=\"yoast-schema-graph\">{\"@context\":\"https:\\\/\\\/schema.org\",\"@graph\":[{\"@type\":\"WebPage\",\"@id\":\"https:\\\/\\\/riograndehospital.org\\\/es\\\/chna\\\/\",\"url\":\"https:\\\/\\\/riograndehospital.org\\\/es\\\/chna\\\/\",\"name\":\"Community Health Needs Assessment - Rio Grande Hospital Health Care Clinics Monte Vista Del Norte South Fork Creede Colorado\",\"isPartOf\":{\"@id\":\"https:\\\/\\\/riograndehospital.org\\\/es\\\/#website\"},\"primaryImageOfPage\":{\"@id\":\"https:\\\/\\\/riograndehospital.org\\\/es\\\/chna\\\/#primaryimage\"},\"image\":{\"@id\":\"https:\\\/\\\/riograndehospital.org\\\/es\\\/chna\\\/#primaryimage\"},\"thumbnailUrl\":\"https:\\\/\\\/riograndehospital.org\\\/wp-content\\\/uploads\\\/2024\\\/12\\\/CHNA-photo.png\",\"datePublished\":\"2017-12-29T17:14:20+00:00\",\"dateModified\":\"2025-06-13T22:55:07+00:00\",\"breadcrumb\":{\"@id\":\"https:\\\/\\\/riograndehospital.org\\\/es\\\/chna\\\/#breadcrumb\"},\"inLanguage\":\"es\",\"potentialAction\":[{\"@type\":\"ReadAction\",\"target\":[\"https:\\\/\\\/riograndehospital.org\\\/es\\\/chna\\\/\"]}]},{\"@type\":\"ImageObject\",\"inLanguage\":\"es\",\"@id\":\"https:\\\/\\\/riograndehospital.org\\\/es\\\/chna\\\/#primaryimage\",\"url\":\"https:\\\/\\\/riograndehospital.org\\\/wp-content\\\/uploads\\\/2024\\\/12\\\/CHNA-photo.png\",\"contentUrl\":\"https:\\\/\\\/riograndehospital.org\\\/wp-content\\\/uploads\\\/2024\\\/12\\\/CHNA-photo.png\",\"width\":2335,\"height\":1855},{\"@type\":\"BreadcrumbList\",\"@id\":\"https:\\\/\\\/riograndehospital.org\\\/es\\\/chna\\\/#breadcrumb\",\"itemListElement\":[{\"@type\":\"ListItem\",\"position\":1,\"name\":\"Home\",\"item\":\"https:\\\/\\\/riograndehospital.org\\\/es\\\/\"},{\"@type\":\"ListItem\",\"position\":2,\"name\":\"Community Health Needs Assessment\"}]},{\"@type\":\"WebSite\",\"@id\":\"https:\\\/\\\/riograndehospital.org\\\/es\\\/#website\",\"url\":\"https:\\\/\\\/riograndehospital.org\\\/es\\\/\",\"name\":\"Rio Grande Hospital Health Care Clinics Monte Vista Del Norte South Fork Creede Colorado\",\"description\":\"With a smile and a helping hand, we will provide quality healthcare for the communities we serve.\",\"publisher\":{\"@id\":\"https:\\\/\\\/riograndehospital.org\\\/es\\\/#organization\"},\"potentialAction\":[{\"@type\":\"SearchAction\",\"target\":{\"@type\":\"EntryPoint\",\"urlTemplate\":\"https:\\\/\\\/riograndehospital.org\\\/es\\\/?s={search_term_string}\"},\"query-input\":{\"@type\":\"PropertyValueSpecification\",\"valueRequired\":true,\"valueName\":\"search_term_string\"}}],\"inLanguage\":\"es\"},{\"@type\":\"Organization\",\"@id\":\"https:\\\/\\\/riograndehospital.org\\\/es\\\/#organization\",\"name\":\"Rio Grande Hospital\",\"url\":\"https:\\\/\\\/riograndehospital.org\\\/es\\\/\",\"logo\":{\"@type\":\"ImageObject\",\"inLanguage\":\"es\",\"@id\":\"https:\\\/\\\/riograndehospital.org\\\/es\\\/#\\\/schema\\\/logo\\\/image\\\/\",\"url\":\"https:\\\/\\\/b765244dc3.nxcli.io\\\/wp-content\\\/uploads\\\/2016\\\/09\\\/RGHLogo200.png\",\"contentUrl\":\"https:\\\/\\\/b765244dc3.nxcli.io\\\/wp-content\\\/uploads\\\/2016\\\/09\\\/RGHLogo200.png\",\"width\":200,\"height\":159,\"caption\":\"Rio Grande Hospital\"},\"image\":{\"@id\":\"https:\\\/\\\/riograndehospital.org\\\/es\\\/#\\\/schema\\\/logo\\\/image\\\/\"},\"sameAs\":[\"https:\\\/\\\/facebook.com\\\/Rio-Grande-Hospital\"]}]}<\/script>\n<!-- \/ Yoast SEO plugin. -->","yoast_head_json":{"title":"Community Health Needs Assessment - Rio Grande Hospital Health Care Clinics Monte Vista Del Norte South Fork Creede Colorado","robots":{"index":"index","follow":"follow","max-snippet":"max-snippet:-1","max-image-preview":"max-image-preview:large","max-video-preview":"max-video-preview:-1"},"canonical":"https:\/\/riograndehospital.org\/es\/chna\/","og_locale":"es_ES","og_type":"article","og_title":"Community Health Needs Assessment - Rio Grande Hospital Health Care Clinics Monte Vista Del Norte South Fork Creede Colorado","og_url":"https:\/\/riograndehospital.org\/es\/chna\/","og_site_name":"Rio Grande Hospital Health Care Clinics Monte Vista Del Norte South Fork Creede Colorado","article_publisher":"https:\/\/facebook.com\/Rio-Grande-Hospital","article_modified_time":"2025-06-13T22:55:07+00:00","og_image":[{"width":1024,"height":813,"url":"https:\/\/riograndehospital.org\/wp-content\/uploads\/2024\/12\/CHNA-photo-1024x813.png","type":"image\/png"}],"twitter_card":"summary_large_image","twitter_misc":{"Tiempo de lectura":"3 minutos"},"schema":{"@context":"https:\/\/schema.org","@graph":[{"@type":"WebPage","@id":"https:\/\/riograndehospital.org\/es\/chna\/","url":"https:\/\/riograndehospital.org\/es\/chna\/","name":"Community Health Needs Assessment - Rio Grande Hospital Health Care Clinics Monte Vista Del Norte South Fork Creede Colorado","isPartOf":{"@id":"https:\/\/riograndehospital.org\/es\/#website"},"primaryImageOfPage":{"@id":"https:\/\/riograndehospital.org\/es\/chna\/#primaryimage"},"image":{"@id":"https:\/\/riograndehospital.org\/es\/chna\/#primaryimage"},"thumbnailUrl":"https:\/\/riograndehospital.org\/wp-content\/uploads\/2024\/12\/CHNA-photo.png","datePublished":"2017-12-29T17:14:20+00:00","dateModified":"2025-06-13T22:55:07+00:00","breadcrumb":{"@id":"https:\/\/riograndehospital.org\/es\/chna\/#breadcrumb"},"inLanguage":"es","potentialAction":[{"@type":"ReadAction","target":["https:\/\/riograndehospital.org\/es\/chna\/"]}]},{"@type":"ImageObject","inLanguage":"es","@id":"https:\/\/riograndehospital.org\/es\/chna\/#primaryimage","url":"https:\/\/riograndehospital.org\/wp-content\/uploads\/2024\/12\/CHNA-photo.png","contentUrl":"https:\/\/riograndehospital.org\/wp-content\/uploads\/2024\/12\/CHNA-photo.png","width":2335,"height":1855},{"@type":"BreadcrumbList","@id":"https:\/\/riograndehospital.org\/es\/chna\/#breadcrumb","itemListElement":[{"@type":"ListItem","position":1,"name":"Home","item":"https:\/\/riograndehospital.org\/es\/"},{"@type":"ListItem","position":2,"name":"Community Health Needs Assessment"}]},{"@type":"WebSite","@id":"https:\/\/riograndehospital.org\/es\/#website","url":"https:\/\/riograndehospital.org\/es\/","name":"Rio Grande Hospital Health Care Clinics Monte Vista Del Norte South Fork Creede Colorado","description":"With a smile and a helping hand, we will provide quality healthcare for the communities we serve.","publisher":{"@id":"https:\/\/riograndehospital.org\/es\/#organization"},"potentialAction":[{"@type":"SearchAction","target":{"@type":"EntryPoint","urlTemplate":"https:\/\/riograndehospital.org\/es\/?s={search_term_string}"},"query-input":{"@type":"PropertyValueSpecification","valueRequired":true,"valueName":"search_term_string"}}],"inLanguage":"es"},{"@type":"Organization","@id":"https:\/\/riograndehospital.org\/es\/#organization","name":"Rio Grande Hospital","url":"https:\/\/riograndehospital.org\/es\/","logo":{"@type":"ImageObject","inLanguage":"es","@id":"https:\/\/riograndehospital.org\/es\/#\/schema\/logo\/image\/","url":"https:\/\/b765244dc3.nxcli.io\/wp-content\/uploads\/2016\/09\/RGHLogo200.png","contentUrl":"https:\/\/b765244dc3.nxcli.io\/wp-content\/uploads\/2016\/09\/RGHLogo200.png","width":200,"height":159,"caption":"Rio Grande Hospital"},"image":{"@id":"https:\/\/riograndehospital.org\/es\/#\/schema\/logo\/image\/"},"sameAs":["https:\/\/facebook.com\/Rio-Grande-Hospital"]}]}},"_links":{"self":[{"href":"https:\/\/riograndehospital.org\/es\/wp-json\/wp\/v2\/pages\/3747","targetHints":{"allow":["GET"]}}],"collection":[{"href":"https:\/\/riograndehospital.org\/es\/wp-json\/wp\/v2\/pages"}],"about":[{"href":"https:\/\/riograndehospital.org\/es\/wp-json\/wp\/v2\/types\/page"}],"author":[{"embeddable":true,"href":"https:\/\/riograndehospital.org\/es\/wp-json\/wp\/v2\/users\/1"}],"replies":[{"embeddable":true,"href":"https:\/\/riograndehospital.org\/es\/wp-json\/wp\/v2\/comments?post=3747"}],"version-history":[{"count":35,"href":"https:\/\/riograndehospital.org\/es\/wp-json\/wp\/v2\/pages\/3747\/revisions"}],"predecessor-version":[{"id":7280,"href":"https:\/\/riograndehospital.org\/es\/wp-json\/wp\/v2\/pages\/3747\/revisions\/7280"}],"wp:featuredmedia":[{"embeddable":true,"href":"https:\/\/riograndehospital.org\/es\/wp-json\/wp\/v2\/media\/6098"}],"wp:attachment":[{"href":"https:\/\/riograndehospital.org\/es\/wp-json\/wp\/v2\/media?parent=3747"}],"curies":[{"name":"wp","href":"https:\/\/api.w.org\/{rel}","templated":true}]}}