{"id":3806,"date":"2021-12-17T09:48:07","date_gmt":"2021-12-17T16:48:07","guid":{"rendered":"https:\/\/b765244dc3.nxcli.io\/recursos-de-la-comunidad\/"},"modified":"2025-12-15T15:06:39","modified_gmt":"2025-12-15T22:06:39","slug":"recursos-de-la-comunidad","status":"publish","type":"page","link":"https:\/\/riograndehospital.org\/es\/recursos-de-la-comunidad\/","title":{"rendered":"Recursos de la comunidad"},"content":{"rendered":"<p><div class=\"fusion-fullwidth fullwidth-box fusion-builder-row-1 fusion-flex-container nonhundred-percent-fullwidth non-hundred-percent-height-scrolling\" style=\"--awb-border-radius-top-left:0px;--awb-border-radius-top-right:0px;--awb-border-radius-bottom-right:0px;--awb-border-radius-bottom-left:0px;--awb-flex-wrap:wrap;\" ><div class=\"fusion-builder-row fusion-row fusion-flex-align-items-flex-start fusion-flex-content-wrap\" style=\"max-width:1310.4px;margin-left: calc(-4% \/ 2 );margin-right: calc(-4% \/ 2 );\"><div class=\"fusion-layout-column fusion_builder_column fusion-builder-column-0 fusion_builder_column_1_1 1_1 fusion-flex-column\" style=\"--awb-bg-size:cover;--awb-width-large:100%;--awb-margin-top-large:0px;--awb-spacing-right-large:1.92%;--awb-margin-bottom-large:20px;--awb-spacing-left-large:1.92%;--awb-width-medium:100%;--awb-order-medium:0;--awb-spacing-right-medium:1.92%;--awb-spacing-left-medium:1.92%;--awb-width-small:100%;--awb-order-small:0;--awb-spacing-right-small:1.92%;--awb-spacing-left-small:1.92%;\"><div class=\"fusion-column-wrapper fusion-column-has-shadow fusion-flex-justify-content-flex-start fusion-content-layout-column\"><div class=\"fusion-title title fusion-title-1 fusion-sep-none fusion-title-center fusion-title-text fusion-title-size-four\" style=\"--awb-text-color:#000000;--awb-margin-bottom:10px;--awb-margin-top-small:0px;--awb-margin-right-small:0px;--awb-margin-bottom-small:20px;--awb-margin-left-small:0px;\"><h4 class=\"fusion-title-heading title-heading-center\" style=\"margin:0;\"><h1 style=\"text-align: center;\"><strong>RECURSOS DE LA COMUNIDAD<\/strong><\/h1>\n<p><strong>Grupo de Salud Conductual del Valle de San Luis<\/strong><br \/>\nBrindar acceso a servicios de salud conductual de calidad que enriquezcan vidas y promuevan el bienestar. Nos impulsa un profundo respeto por la dignidad humana y el deseo de servir a las personas con baja representaci\u00f3n, marginadas y con problemas de conducta.<br \/>\nTel\u00e9fono: 719-589-3671<br \/>\nCorreo electr\u00f3nico: <a href=\"mailto:info@slvbhg.org\">info@slvbhg.org<\/a><br \/>\n<span style=\"text-decoration: underline;\"><a href=\"https:\/\/www.slvbhg.org\/\">https:\/\/www.slvbhg.org\/<\/a><\/span><\/p>\n<p><strong>My SLV Connect<\/strong><br \/>\nMySLVConnect.com ofrece informaci\u00f3n sobre salud y servicios humanos espec\u00edfica del Valle de San Luis, incluyendo requisitos de referencia e informaci\u00f3n de elegibilidad. El sitio web incluye atenci\u00f3n m\u00e9dica, programas gubernamentales, organizaciones sin fines de lucro, transporte, asistencia con los servicios p\u00fablicos, asistencia laboral y mucho m\u00e1s. Es f\u00e1cil de usar y funciona en computadoras, tabletas y celulares. Busque por tema o por condado.<br \/>\n<span style=\"text-decoration: underline;\"><a href=\"https:\/\/www.myslvconnect.com\/\">https:\/\/www.myslvconnect.com\/<\/a><\/span><\/p>\n<p><strong>Amistad de San Luis<\/strong><br \/>\nOfrece un espacio para que las personas mayores pasen el d\u00eda, reciban apoyo de salud y participen en programas sociales.<br \/>\n719-672-0892<br \/>\ncasadeamistad98@gmail.com<\/p>\n<p><strong>Centro de Educaci\u00f3n para la Salud del \u00c1rea del Valle de San Luis<\/strong><br \/>\nTel\u00e9fono: 719-589-4977<br \/>\n<span style=\"text-decoration: underline;\"><a href=\"http:\/\/www.slvahec.org\/\">http:\/\/www.slvahec.org\/<\/a><\/span><\/p>\n<p><span class=\"kt-svg-icon-list-text\"><strong>Consejo de la Primera Infancia del Valle de San Luis<br \/>\n<\/strong>Capacitar a profesionales de la primera infancia para crear entornos de aprendizaje de alta calidad.<br \/>\nConectar a las familias con recursos, ayudando a cada ni\u00f1o a prosperar.<br \/>\nFortalecer la econom\u00eda local invirtiendo en la primera infancia para construir una comunidad pr\u00f3spera.<strong><br \/>\n<\/strong><\/span><a href=\"http:\/\/www.eccslv.org\">www.eccslv.org<\/a><\/p>\n<p><strong>Centro de Fuerza Laboral de Colorado<br \/>\n<\/strong>Tel\u00e9fono: 719-852-5171<strong><br \/>\n<\/strong><span style=\"text-decoration: underline;\"><a href=\"https:\/\/cdle.colorado.gov\/wfc\">https:\/\/cdle.colorado.gov\/wfc<\/a><\/span><\/p>\n<p><strong>Ilumina Colorado<\/strong><br \/>\nIlumina Colorado adopta un enfoque de salud p\u00fablica para abordar el maltrato infantil en Colorado, trabajando en todos los niveles del espectro de prevenci\u00f3n, ya que es la manera m\u00e1s eficaz de generar una transformaci\u00f3n integral.<br \/>\n<span style=\"text-decoration: underline;\"><a href=\"http:\/\/www.IlluminateColorado.org\">www.IlluminateColorado.org\u00a0<\/a><\/span><\/p>\n<p><strong>Salud P\u00fablica del Condado de R\u00edo Grande<\/strong><br \/>\nTel\u00e9fono: 719-657-3352<br \/>\n<span style=\"text-decoration: underline;\"><a href=\"https:\/\/www.riograndecounty.org\/public-health\">https:\/\/www.riograndecounty.org\/public-health<\/a><\/span><\/p>\n<p><strong>Corporaci\u00f3n de Recursos Comunitarios y Desarrollo de Vivienda<\/strong><br \/>\nTel\u00e9fono: 719-589-1680<br \/>\n<span style=\"text-decoration: underline;\"><a href=\"https:\/\/crhdc.org\/\">https:\/\/crhdc.org\/<\/a><\/span><\/p>\n<p><strong>Centro de Desarrollo Infantil y Servicios Familiares de R\u00edo Grande (Head Start)<\/strong><br \/>\nImpulsamos el futuro y empoderamos a ni\u00f1os y familias satisfaciendo sus necesidades individuales.<br \/>\nTel\u00e9fono: 719-657-3101<br \/>\n<span style=\"text-decoration: underline;\"><a href=\"https:\/\/rgcdfsdnhs.wixsite.com\/website\">\u00a0rgcdfsdnhs.wixsite.com\/website<\/a><\/span><\/p>\n<p><strong>Tu Casa<\/strong><br \/>\nPara promover una vida y relaciones saludables y libres de violencia para todos los ni\u00f1os y adultos del Valle de San Luis.<br \/>\nTel\u00e9fono: 719-589-246<br \/>\n<span style=\"text-decoration: underline;\"><a href=\"http:\/\/www.slvtucasa.net\/\">www.slvtucasa.net\/<\/a><\/span><\/p>\n<p><strong>Servicios legales de Colorado<\/strong><br \/>\n<span style=\"text-decoration: underline;\"><a href=\"https:\/\/www.coloradolegalservices.org\/\">https:\/\/www.coloradolegalservices.org\/<\/a><\/span><\/p>\n<p style=\"text-align: center;\"><strong>Personas sin hogar y otras necesidades de recursos a nivel estatal<\/strong><\/p>\n<p>2-1-1 (Sistema automatizado, tambi\u00e9n cuenta con representantes en vivo durante el horario laboral de lunes a viernes)<br \/>\nSi env\u00eda un correo electr\u00f3nico para solicitar informaci\u00f3n sobre personas sin hogar y otros recursos, incluyendo asistencia para el alquiler e hipotecas por COVID-19, tanto para personas sin hogar como para personas con hogar, en todo Colorado, llame al 2-1-1, la base de datos estatal de Colorado para recursos comunitarios. Tiene varias opciones para contactarlos, entre ellas:<br \/>\nLlamar al 2-1-1 (o llamar gratis al 888-217-1215)<br \/>\nEnviar un mensaje de texto con su c\u00f3digo postal al 898-211 y seguir las instrucciones para obtener informaci\u00f3n sobre los recursos.<br \/>\nVisite su sitio web: Busque recursos por \u00e1rea o chatee con un representante en vivo durante el horario laboral. hours: <span style=\"text-decoration: underline;\"><a href=\"https:\/\/211colorado.communityos.org\/cms\/node\/164\" target=\"_blank\" rel=\"noopener noreferrer\" data-auth=\"NotApplicable\">https:\/\/211colorado.communityos.org\/cms\/node\/164<\/a><\/span><br \/>\nNecesidades de recursos para las zonas rurales de Colorado mmiller@coloradocoalition.org<b><br \/>\n<\/b><\/p>\n<p><b>Servicios de crisis de Colorado<br \/>\n<\/b>Servicios de Crisis de Colorado ayuda a personas que experimentan diversas crisis, incluyendo, entre otras: pensamientos suicidas, problemas de salud mental, abuso de sustancias, discapacidad y accesibilidad, y problemas de pareja. Visite el sitio web a continuaci\u00f3n para obtener m\u00e1s informaci\u00f3n. Despl\u00e1cese hacia abajo para acceder a n\u00fameros de tel\u00e9fono, l\u00edneas de chat y otros recursos en su \u00e1rea.<br \/>\n<span style=\"text-decoration: underline;\"><a href=\"https:\/\/coloradocrisisservices.org\/\" target=\"_blank\" rel=\"noopener noreferrer\" data-auth=\"NotApplicable\">https:\/\/coloradocrisisservices.org\/<\/a><\/span><\/p>\n<p><strong>SAMHSA<br \/>\n<\/strong><em>SAMHSA\u2019s<\/em> la misi\u00f3n es reducir el impacto del abuso de sustancias y las enfermedades mentales en las comunidades de Estados Unidos..<\/p>\n<p>La Administraci\u00f3n de Servicios de Abuso de Sustancias y Salud Mental (SAMHSA) es la agencia del Departamento de Salud y Servicios Humanos de EE. UU. que lidera las iniciativas de salud p\u00fablica para promover la salud mental en el pa\u00eds. La misi\u00f3n de SAMHSA es reducir el impacto del abuso de sustancias y las enfermedades mentales en las comunidades estadounidenses.<\/p>\n<p>Encuentre ayuda y tratamiento.<\/p>\n<p><strong>Esperanza en el valle<\/strong><br \/>\nEn Hope in the Valley, creemos en el poder transformador de la comunidad y la compasi\u00f3n. Nuestro camino comenz\u00f3 con la visi\u00f3n de crear un refugio de sanaci\u00f3n y renovaci\u00f3n en el coraz\u00f3n del Valle de San Luis, donde cada persona se empodere para superar la adicci\u00f3n y disfrutar de una vida plena. En sinton\u00eda con R3 Recovery, nos dedicamos a fomentar un entorno de apoyo que fomente la recuperaci\u00f3n y desarrolle la resiliencia.<\/p>\n<p>1317 Calle 17. Alamosa, CO 81101<\/p>\n<p>719-206-HOPE (4673)<\/p>\n<p><strong>L\u00ednea de ayuda nacional<\/strong><\/p>\n<p>La L\u00ednea de Ayuda Nacional ofrece referencias e informaci\u00f3n gratuitas y confidenciales las 24 horas sobre trastornos mentales y\/o relacionados con el uso de sustancias, prevenci\u00f3n, tratamiento y recuperaci\u00f3n en ingl\u00e9s y espa\u00f1ol.<\/p>\n<p><span style=\"text-decoration: underline;\"><a id=\"anch_1200\" href=\"https:\/\/www.samhsa.gov\/find-help\/national-helpline\">SAMHSA\u2019s National Helpline<\/a><\/span><br \/>\n<span style=\"text-decoration: underline;\"><a id=\"anch_1201\" href=\"tel:800-662-4357\">800-662-HELP (4357)<\/a><\/span><br \/>\nTTY:\u00a0<span style=\"text-decoration: underline;\"><a id=\"anch_1202\" href=\"tel:800-487-4889\">800-487-4889<\/a><\/span><\/p>\n<p>Para obtener informaci\u00f3n adicional sobre c\u00f3mo encontrar ayuda y opciones de tratamiento, visite <span style=\"text-decoration: underline;\"><a id=\"anch_1203\" href=\"https:\/\/www.samhsa.gov\/find-treatment\">www.samhsa.gov\/find-treatment<\/a>.<\/span><br \/>\nPreguntas generales<br \/>\nPara preguntas generales sobre SAMHSA, incluyendo informaci\u00f3n sobre trastornos mentales y por consumo de sustancias:<\/p>\n<p><span style=\"text-decoration: underline;\"><a href=\"https:\/\/www.samhsa.gov\/\">https:\/\/www.samhsa.gov\/<\/a><\/span><\/p><\/h4><\/div><\/div><\/div><\/div><\/div>\n<div class=\"fusion-fullwidth fullwidth-box fusion-builder-row-2 hundred-percent-fullwidth non-hundred-percent-height-scrolling fusion-no-small-visibility\" style=\"--awb-background-position:left top;--awb-border-sizes-top:0px;--awb-border-sizes-bottom:0px;--awb-border-sizes-left:0px;--awb-border-sizes-right:0px;--awb-border-radius-top-left:0px;--awb-border-radius-top-right:0px;--awb-border-radius-bottom-right:0px;--awb-border-radius-bottom-left:0px;--awb-padding-top:20px;--awb-padding-bottom:10px;--awb-background-color:#f4f4f4;--awb-flex-wrap:wrap;\" ><div class=\"fusion-builder-row fusion-row\"><div class=\"fusion-layout-column fusion_builder_column fusion-builder-column-1 fusion_builder_column_1_1 1_1 fusion-one-full fusion-column-first fusion-column-last\" style=\"--awb-bg-size:cover;\"><div class=\"fusion-column-wrapper fusion-column-has-shadow fusion-flex-column-wrapper-legacy\"><div class=\"fusion-text fusion-text-1\"><h5 style=\"text-align: center;\">Con una sonrisa y una mano amiga, brindamos atenci\u00f3n y servicio de calidad a nuestras comunidades.<\/h5>\n<\/div><div class=\"fusion-text fusion-text-2\"><p style=\"text-align: center;\">Nos distinguiremos como el destino de atenci\u00f3n m\u00e9dica de confianza.<br \/>\nBrindaremos atenci\u00f3n m\u00e9dica compasiva y abogaremos por el bienestar a trav\u00e9s del acceso innovador, la medicina preventiva,<br \/>\ny asociaciones colaborativas dentro de nuestra diversa comunidad.<\/p>\n<\/div><div class=\"fusion-clearfix\"><\/div><\/div><\/div><\/div><div class=\"fusion-builder-row fusion-row\"><\/div><\/div>\n<div class=\"fusion-fullwidth fullwidth-box fusion-builder-row-3 has-pattern-background has-mask-background nonhundred-percent-fullwidth non-hundred-percent-height-scrolling\" style=\"--awb-border-radius-top-left:0px;--awb-border-radius-top-right:0px;--awb-border-radius-bottom-right:0px;--awb-border-radius-bottom-left:0px;--awb-flex-wrap:wrap;\" ><div class=\"fusion-builder-row fusion-row\"><div class=\"fusion-layout-column fusion_builder_column fusion-builder-column-2 fusion_builder_column_1_1 1_1 fusion-one-full fusion-column-first fusion-column-last fusion-column-no-min-height\" style=\"--awb-bg-size:cover;--awb-margin-bottom:0px;\"><div class=\"fusion-column-wrapper fusion-flex-column-wrapper-legacy\"><div class=\"fusion-title title fusion-title-2 sep-underline sep-solid fusion-title-center fusion-title-text fusion-title-size-two\" style=\"--awb-margin-top:40px;--awb-margin-bottom:40px;--awb-margin-top-small:0px;--awb-margin-right-small:0px;--awb-margin-bottom-small:20px;--awb-margin-left-small:0px;\"><h2 class=\"fusion-title-heading title-heading-center\" style=\"margin:0;\">NUESTRAS UBICACIONES<\/h2><\/div><div class=\"fusion-clearfix\"><\/div><\/div><\/div><div class=\"fusion-layout-column fusion_builder_column fusion-builder-column-3 fusion_builder_column_1_5 1_5 fusion-one-fifth fusion-column-first\" style=\"--awb-bg-size:cover;width:16.8%; margin-right: 4%;\"><div class=\"fusion-column-wrapper fusion-flex-column-wrapper-legacy\"><div class=\"fusion-text fusion-text-3\"><h6 style=\"text-align: center;\"><em><strong>Hospital Rio Grande<\/strong><\/em><\/h6>\n<p style=\"text-align: center;\">310 County Road 14<br \/>\nDel Norte, CO 81132<br \/>\nTel: 719-657-2510<br \/>\nAbierto: 24 horas al d\u00eda, 7 d\u00edas a la semana<\/p>\n<\/div><div class=\"fusion-clearfix\"><\/div><\/div><\/div><div class=\"fusion-layout-column fusion_builder_column fusion-builder-column-4 fusion_builder_column_1_5 1_5 fusion-one-fifth\" style=\"--awb-bg-size:cover;width:16.8%; margin-right: 4%;\"><div class=\"fusion-column-wrapper fusion-flex-column-wrapper-legacy\"><div class=\"fusion-text fusion-text-4\"><h6 style=\"text-align: center;\"><b><i>Pr\u00e1ctica<\/i><\/b> <em><strong>familiar Creede<\/strong><\/em><\/h6>\n<p style=\"text-align: center;\">802 Rio Grande Ave<br \/>\nCreede, CO 81130<br \/>\nTel: 719-658-0929<\/p>\n<\/div><div class=\"fusion-clearfix\"><\/div><\/div><\/div><div class=\"fusion-layout-column fusion_builder_column fusion-builder-column-5 fusion_builder_column_1_5 1_5 fusion-one-fifth\" style=\"--awb-bg-size:cover;width:16.8%; margin-right: 4%;\"><div class=\"fusion-column-wrapper fusion-flex-column-wrapper-legacy\"><div class=\"fusion-text fusion-text-5\"><h6 style=\"text-align: center;\"><strong><i>Cl\u00ednica del Hospital Rio Grande<\/i><\/strong><\/h6>\n<p style=\"text-align: center;\">310C County Road 14<br \/>\nDel Norte, CO 81132<br \/>\nTel: 719-657-2418<\/p>\n<\/div><div class=\"fusion-clearfix\"><\/div><\/div><\/div><div class=\"fusion-layout-column fusion_builder_column fusion-builder-column-6 fusion_builder_column_1_5 1_5 fusion-one-fifth\" style=\"--awb-bg-size:cover;width:16.8%; margin-right: 4%;\"><div class=\"fusion-column-wrapper fusion-flex-column-wrapper-legacy\"><div class=\"fusion-text fusion-text-6\"><h6 style=\"text-align: center;\"><em><strong>Cl\u00ednica M\u00e9dica Monte Vista<\/strong><\/em><\/h6>\n<p style=\"text-align: center;\">1033 2nd Avenue<br \/>\nMonte Vista, CO 81144<br \/>\nTel: 719-852-8827<br \/>\nTel de farmacia: 719-628-0533<\/p>\n<\/div><div class=\"fusion-clearfix\"><\/div><\/div><\/div><div class=\"fusion-layout-column fusion_builder_column fusion-builder-column-7 fusion_builder_column_1_5 1_5 fusion-one-fifth fusion-column-last\" style=\"--awb-bg-size:cover;width:16.8%;\"><div class=\"fusion-column-wrapper fusion-flex-column-wrapper-legacy\"><div class=\"fusion-text fusion-text-7\"><h6 style=\"text-align: center;\"><em><strong>Cl\u00ednica del Hospital Rio Grande en South Fork<\/strong><\/em><\/h6>\n<p style=\"text-align: center;\">52 Jackson Street,<br \/>\nSouth Fork, CO 81154,<br \/>\nTel: 719-873-5494<\/p>\n<\/div><div class=\"fusion-clearfix\"><\/div><\/div><\/div><\/div><\/div>\n<\/p>\n","protected":false},"excerpt":{"rendered":"","protected":false},"author":1,"featured_media":0,"parent":0,"menu_order":0,"comment_status":"closed","ping_status":"closed","template":"100-width.php","meta":{"footnotes":""},"class_list":["post-3806","page","type-page","status-publish","hentry"],"yoast_head":"<!-- This site is optimized with the Yoast SEO plugin v27.4 - https:\/\/yoast.com\/product\/yoast-seo-wordpress\/ -->\n<title>Recursos de la comunidad - Rio Grande Hospital Health Care Clinics Monte Vista Del Norte South Fork Creede Colorado<\/title>\n<meta name=\"robots\" content=\"index, follow, max-snippet:-1, max-image-preview:large, max-video-preview:-1\" \/>\n<link rel=\"canonical\" href=\"https:\/\/riograndehospital.org\/es\/recursos-de-la-comunidad\/\" \/>\n<meta property=\"og:locale\" content=\"es_ES\" \/>\n<meta property=\"og:type\" content=\"article\" \/>\n<meta property=\"og:title\" content=\"Recursos de la comunidad - Rio Grande Hospital Health Care Clinics Monte Vista Del Norte South Fork Creede Colorado\" \/>\n<meta property=\"og:url\" content=\"https:\/\/riograndehospital.org\/es\/recursos-de-la-comunidad\/\" \/>\n<meta property=\"og:site_name\" content=\"Rio Grande Hospital Health Care Clinics Monte Vista Del Norte South Fork Creede Colorado\" \/>\n<meta property=\"article:publisher\" content=\"https:\/\/facebook.com\/Rio-Grande-Hospital\" \/>\n<meta property=\"article:modified_time\" content=\"2025-12-15T22:06:39+00:00\" \/>\n<meta name=\"twitter:card\" content=\"summary_large_image\" \/>\n<meta name=\"twitter:label1\" content=\"Tiempo de lectura\" \/>\n\t<meta name=\"twitter:data1\" content=\"4 minutos\" \/>\n<script type=\"application\/ld+json\" class=\"yoast-schema-graph\">{\"@context\":\"https:\\\/\\\/schema.org\",\"@graph\":[{\"@type\":\"WebPage\",\"@id\":\"https:\\\/\\\/riograndehospital.org\\\/es\\\/recursos-de-la-comunidad\\\/\",\"url\":\"https:\\\/\\\/riograndehospital.org\\\/es\\\/recursos-de-la-comunidad\\\/\",\"name\":\"Recursos de la comunidad - Rio Grande Hospital Health Care Clinics Monte Vista Del Norte South Fork Creede Colorado\",\"isPartOf\":{\"@id\":\"https:\\\/\\\/riograndehospital.org\\\/es\\\/#website\"},\"datePublished\":\"2021-12-17T16:48:07+00:00\",\"dateModified\":\"2025-12-15T22:06:39+00:00\",\"breadcrumb\":{\"@id\":\"https:\\\/\\\/riograndehospital.org\\\/es\\\/recursos-de-la-comunidad\\\/#breadcrumb\"},\"inLanguage\":\"es\",\"potentialAction\":[{\"@type\":\"ReadAction\",\"target\":[\"https:\\\/\\\/riograndehospital.org\\\/es\\\/recursos-de-la-comunidad\\\/\"]}]},{\"@type\":\"BreadcrumbList\",\"@id\":\"https:\\\/\\\/riograndehospital.org\\\/es\\\/recursos-de-la-comunidad\\\/#breadcrumb\",\"itemListElement\":[{\"@type\":\"ListItem\",\"position\":1,\"name\":\"Home\",\"item\":\"https:\\\/\\\/riograndehospital.org\\\/es\\\/\"},{\"@type\":\"ListItem\",\"position\":2,\"name\":\"Recursos de la comunidad\"}]},{\"@type\":\"WebSite\",\"@id\":\"https:\\\/\\\/riograndehospital.org\\\/es\\\/#website\",\"url\":\"https:\\\/\\\/riograndehospital.org\\\/es\\\/\",\"name\":\"Rio Grande Hospital Health Care Clinics Monte Vista Del Norte South Fork Creede Colorado\",\"description\":\"With a smile and a helping hand, we will provide quality healthcare for the communities we serve.\",\"publisher\":{\"@id\":\"https:\\\/\\\/riograndehospital.org\\\/es\\\/#organization\"},\"potentialAction\":[{\"@type\":\"SearchAction\",\"target\":{\"@type\":\"EntryPoint\",\"urlTemplate\":\"https:\\\/\\\/riograndehospital.org\\\/es\\\/?s={search_term_string}\"},\"query-input\":{\"@type\":\"PropertyValueSpecification\",\"valueRequired\":true,\"valueName\":\"search_term_string\"}}],\"inLanguage\":\"es\"},{\"@type\":\"Organization\",\"@id\":\"https:\\\/\\\/riograndehospital.org\\\/es\\\/#organization\",\"name\":\"Rio Grande Hospital\",\"url\":\"https:\\\/\\\/riograndehospital.org\\\/es\\\/\",\"logo\":{\"@type\":\"ImageObject\",\"inLanguage\":\"es\",\"@id\":\"https:\\\/\\\/riograndehospital.org\\\/es\\\/#\\\/schema\\\/logo\\\/image\\\/\",\"url\":\"https:\\\/\\\/b765244dc3.nxcli.io\\\/wp-content\\\/uploads\\\/2016\\\/09\\\/RGHLogo200.png\",\"contentUrl\":\"https:\\\/\\\/b765244dc3.nxcli.io\\\/wp-content\\\/uploads\\\/2016\\\/09\\\/RGHLogo200.png\",\"width\":200,\"height\":159,\"caption\":\"Rio Grande Hospital\"},\"image\":{\"@id\":\"https:\\\/\\\/riograndehospital.org\\\/es\\\/#\\\/schema\\\/logo\\\/image\\\/\"},\"sameAs\":[\"https:\\\/\\\/facebook.com\\\/Rio-Grande-Hospital\"]}]}<\/script>\n<!-- \/ Yoast SEO plugin. -->","yoast_head_json":{"title":"Recursos de la comunidad - Rio Grande Hospital Health Care Clinics Monte Vista Del Norte South Fork Creede Colorado","robots":{"index":"index","follow":"follow","max-snippet":"max-snippet:-1","max-image-preview":"max-image-preview:large","max-video-preview":"max-video-preview:-1"},"canonical":"https:\/\/riograndehospital.org\/es\/recursos-de-la-comunidad\/","og_locale":"es_ES","og_type":"article","og_title":"Recursos de la comunidad - Rio Grande Hospital Health Care Clinics Monte Vista Del Norte South Fork Creede Colorado","og_url":"https:\/\/riograndehospital.org\/es\/recursos-de-la-comunidad\/","og_site_name":"Rio Grande Hospital Health Care Clinics Monte Vista Del Norte South Fork Creede Colorado","article_publisher":"https:\/\/facebook.com\/Rio-Grande-Hospital","article_modified_time":"2025-12-15T22:06:39+00:00","twitter_card":"summary_large_image","twitter_misc":{"Tiempo de lectura":"4 minutos"},"schema":{"@context":"https:\/\/schema.org","@graph":[{"@type":"WebPage","@id":"https:\/\/riograndehospital.org\/es\/recursos-de-la-comunidad\/","url":"https:\/\/riograndehospital.org\/es\/recursos-de-la-comunidad\/","name":"Recursos de la comunidad - Rio Grande Hospital Health Care Clinics Monte Vista Del Norte South Fork Creede Colorado","isPartOf":{"@id":"https:\/\/riograndehospital.org\/es\/#website"},"datePublished":"2021-12-17T16:48:07+00:00","dateModified":"2025-12-15T22:06:39+00:00","breadcrumb":{"@id":"https:\/\/riograndehospital.org\/es\/recursos-de-la-comunidad\/#breadcrumb"},"inLanguage":"es","potentialAction":[{"@type":"ReadAction","target":["https:\/\/riograndehospital.org\/es\/recursos-de-la-comunidad\/"]}]},{"@type":"BreadcrumbList","@id":"https:\/\/riograndehospital.org\/es\/recursos-de-la-comunidad\/#breadcrumb","itemListElement":[{"@type":"ListItem","position":1,"name":"Home","item":"https:\/\/riograndehospital.org\/es\/"},{"@type":"ListItem","position":2,"name":"Recursos de la comunidad"}]},{"@type":"WebSite","@id":"https:\/\/riograndehospital.org\/es\/#website","url":"https:\/\/riograndehospital.org\/es\/","name":"Rio Grande Hospital Health Care Clinics Monte Vista Del Norte South Fork Creede Colorado","description":"With a smile and a helping hand, we will provide quality healthcare for the communities we serve.","publisher":{"@id":"https:\/\/riograndehospital.org\/es\/#organization"},"potentialAction":[{"@type":"SearchAction","target":{"@type":"EntryPoint","urlTemplate":"https:\/\/riograndehospital.org\/es\/?s={search_term_string}"},"query-input":{"@type":"PropertyValueSpecification","valueRequired":true,"valueName":"search_term_string"}}],"inLanguage":"es"},{"@type":"Organization","@id":"https:\/\/riograndehospital.org\/es\/#organization","name":"Rio Grande Hospital","url":"https:\/\/riograndehospital.org\/es\/","logo":{"@type":"ImageObject","inLanguage":"es","@id":"https:\/\/riograndehospital.org\/es\/#\/schema\/logo\/image\/","url":"https:\/\/b765244dc3.nxcli.io\/wp-content\/uploads\/2016\/09\/RGHLogo200.png","contentUrl":"https:\/\/b765244dc3.nxcli.io\/wp-content\/uploads\/2016\/09\/RGHLogo200.png","width":200,"height":159,"caption":"Rio Grande Hospital"},"image":{"@id":"https:\/\/riograndehospital.org\/es\/#\/schema\/logo\/image\/"},"sameAs":["https:\/\/facebook.com\/Rio-Grande-Hospital"]}]}},"_links":{"self":[{"href":"https:\/\/riograndehospital.org\/es\/wp-json\/wp\/v2\/pages\/3806","targetHints":{"allow":["GET"]}}],"collection":[{"href":"https:\/\/riograndehospital.org\/es\/wp-json\/wp\/v2\/pages"}],"about":[{"href":"https:\/\/riograndehospital.org\/es\/wp-json\/wp\/v2\/types\/page"}],"author":[{"embeddable":true,"href":"https:\/\/riograndehospital.org\/es\/wp-json\/wp\/v2\/users\/1"}],"replies":[{"embeddable":true,"href":"https:\/\/riograndehospital.org\/es\/wp-json\/wp\/v2\/comments?post=3806"}],"version-history":[{"count":2,"href":"https:\/\/riograndehospital.org\/es\/wp-json\/wp\/v2\/pages\/3806\/revisions"}],"predecessor-version":[{"id":8356,"href":"https:\/\/riograndehospital.org\/es\/wp-json\/wp\/v2\/pages\/3806\/revisions\/8356"}],"wp:attachment":[{"href":"https:\/\/riograndehospital.org\/es\/wp-json\/wp\/v2\/media?parent=3806"}],"curies":[{"name":"wp","href":"https:\/\/api.w.org\/{rel}","templated":true}]}}