{"id":3831,"date":"2021-12-17T09:48:22","date_gmt":"2021-12-17T16:48:22","guid":{"rendered":"https:\/\/b765244dc3.nxcli.io\/dermatologia\/"},"modified":"2025-06-12T11:50:30","modified_gmt":"2025-06-12T17:50:30","slug":"dermatologia","status":"publish","type":"page","link":"https:\/\/riograndehospital.org\/es\/dermatologia\/","title":{"rendered":"Dermatolog\u00eda"},"content":{"rendered":"<p><div class=\"fusion-fullwidth fullwidth-box fusion-builder-row-1 nonhundred-percent-fullwidth non-hundred-percent-height-scrolling\" style=\"--awb-background-position:left top;--awb-border-sizes-top:0px;--awb-border-sizes-bottom:0px;--awb-border-sizes-left:0px;--awb-border-sizes-right:0px;--awb-border-radius-top-left:0px;--awb-border-radius-top-right:0px;--awb-border-radius-bottom-right:0px;--awb-border-radius-bottom-left:0px;--awb-flex-wrap:wrap;\" ><div class=\"fusion-builder-row fusion-row\"><div class=\"fusion-layout-column fusion_builder_column fusion-builder-column-0 fusion_builder_column_1_1 1_1 fusion-one-full fusion-column-first fusion-column-last fusion-column-no-min-height\" style=\"--awb-bg-size:cover;--awb-margin-bottom:0px;\"><div class=\"fusion-column-wrapper fusion-flex-column-wrapper-legacy\"><div class=\"fusion-title title fusion-title-1 sep-underline sep-solid fusion-title-center fusion-title-text fusion-title-size-one\" style=\"--awb-margin-top:20px;--awb-margin-bottom:40px;--awb-margin-top-small:0px;--awb-margin-right-small:0px;--awb-margin-bottom-small:20px;--awb-margin-left-small:0px;\"><h1 class=\"fusion-title-heading title-heading-center\" style=\"margin:0;\"><p style=\"text-align: center;\">Dermatolog\u00eda<\/p><\/h1><\/div><div class=\"fusion-text fusion-text-1\"><p>La dermatolog\u00eda es la rama de la medicina que se ocupa de la piel. Es una especialidad con aspectos tanto m\u00e9dicos como quir\u00fargicos. Un dermat\u00f3logo es un m\u00e9dico especialista que trata enfermedades relacionadas con la piel, el cabello, las u\u00f1as y algunos problemas est\u00e9ticos. El Dr. Echols y el Dr. Harris est\u00e1n disponibles en la Cl\u00ednica de Especialidades del Hospital R\u00edo Grande en Del Norte.<\/p>\n<\/div><div class=\"fusion-text fusion-text-2\"><p><a href=\"https:\/\/riograndehospital.org\/es\/especialistas-2\/kathryn-echols-cropped-2\/\" rel=\"attachment wp-att-2495\"><img decoding=\"async\" class=\"wp-image-2495 alignleft\" src=\"https:\/\/riograndehospital.org\/wp-content\/uploads\/2021\/04\/Kathryn-Echols-cropped-scaled.jpg\" alt=\"\" width=\"290\" height=\"315\" srcset=\"https:\/\/riograndehospital.org\/wp-content\/uploads\/2021\/04\/Kathryn-Echols-cropped-200x217.jpg 200w, https:\/\/riograndehospital.org\/wp-content\/uploads\/2021\/04\/Kathryn-Echols-cropped-276x300.jpg 276w, https:\/\/riograndehospital.org\/wp-content\/uploads\/2021\/04\/Kathryn-Echols-cropped-400x435.jpg 400w, https:\/\/riograndehospital.org\/wp-content\/uploads\/2021\/04\/Kathryn-Echols-cropped-600x652.jpg 600w, https:\/\/riograndehospital.org\/wp-content\/uploads\/2021\/04\/Kathryn-Echols-cropped-706x768.jpg 706w, https:\/\/riograndehospital.org\/wp-content\/uploads\/2021\/04\/Kathryn-Echols-cropped-768x835.jpg 768w, https:\/\/riograndehospital.org\/wp-content\/uploads\/2021\/04\/Kathryn-Echols-cropped-800x870.jpg 800w, https:\/\/riograndehospital.org\/wp-content\/uploads\/2021\/04\/Kathryn-Echols-cropped-942x1024.jpg 942w, https:\/\/riograndehospital.org\/wp-content\/uploads\/2021\/04\/Kathryn-Echols-cropped-1200x1305.jpg 1200w, https:\/\/riograndehospital.org\/wp-content\/uploads\/2021\/04\/Kathryn-Echols-cropped-1413x1536.jpg 1413w, https:\/\/riograndehospital.org\/wp-content\/uploads\/2021\/04\/Kathryn-Echols-cropped-1884x2048.jpg 1884w, https:\/\/riograndehospital.org\/wp-content\/uploads\/2021\/04\/Kathryn-Echols-cropped-scaled.jpg 2355w\" sizes=\"(max-width: 290px) 100vw, 290px\" \/><\/a><\/p>\n<div class=\"fusion-title title fusion-title-1 sep-underline sep-solid fusion-title-text fusion-title-size-three\">\n<h3 class=\"title-heading-left fusion-responsive-typography-calculated\" data-fontsize=\"28\" data-lineheight=\"42px\">Kathryn Echols, MD<\/h3>\n<\/div>\n<div class=\"fusion-text fusion-text-1\">\n<p><em><strong>Especialidad:<\/strong> Dermatolog\u00eda<\/em><\/p>\n<\/div>\n<div class=\"fusion-text fusion-text-2\">\n<p><strong>Biograf\u00eda:<\/strong> La Dra. Echols creci\u00f3 en el condado de Pike, Georgia. Amaba la ciencia desde una edad temprana y, al final de la escuela secundaria, supo que quer\u00eda seguir una carrera en el cuidado de la salud. Su abuelo, el Dr. Raymond E. Flake, un m\u00e9dico de medicina interna jubilado, la inspir\u00f3 en gran medida a elegir la medicina. La Dra. Echols estaba particularmente interesada en el campo de la patolog\u00eda. A\u00fan as\u00ed, durante la escuela de medicina en la Facultad de Medicina de Georgia, se dio cuenta de que amaba interactuar con los pacientes y no quer\u00eda renunciar a la atenci\u00f3n directa al paciente. Entonces descubri\u00f3 la dermatolog\u00eda. La dermatolog\u00eda es un campo m\u00e9dico \u00fanico: un m\u00e9dico puede capacitarse en dermatolog\u00eda, realizar una capacitaci\u00f3n adicional en dermatopatolog\u00eda y luego practicar dermatolog\u00eda cl\u00ednica y quir\u00fargica y dermatopatolog\u00eda. Fue un ajuste perfecto para su amplia gama de intereses.<\/p>\n<p>Tras completar sus estudios de medicina en la Facultad de Medicina de Georgia, la Dra. Echols se mud\u00f3 a Colorado para realizar sus pr\u00e1cticas en el Centro M\u00e9dico Presbiteriano\/St. Luke&#8217;s de Denver, a trav\u00e9s de la Fundaci\u00f3n de Salud de Colorado. Fue durante este a\u00f1o que la Dra. Echols y su esposo se enamoraron de Colorado. Tras sus pr\u00e1cticas, complet\u00f3 una residencia de tres a\u00f1os en dermatolog\u00eda en Charleston, Carolina del Sur, en la Universidad M\u00e9dica de Carolina del Sur, donde se form\u00f3 en dermatolog\u00eda general, dermatolog\u00eda cosm\u00e9tica, cirug\u00eda dermatol\u00f3gica y dermatolog\u00eda pedi\u00e1trica. Tras completar su residencia, realiz\u00f3 una beca de un a\u00f1o en dermatopatolog\u00eda en la Universidad M\u00e9dica de Carolina del Sur, donde obtuvo formaci\u00f3n especializada en la interpretaci\u00f3n de biopsias de piel.<\/p>\n<\/div>\n<\/div><div class=\"fusion-sep-clear\"><\/div><div class=\"fusion-separator fusion-full-width-sep\" style=\"margin-left: auto;margin-right: auto;margin-top:10px;margin-bottom:40PX;width:100%;\"><div class=\"fusion-separator-border sep-single sep-solid\" style=\"--awb-height:20px;--awb-amount:20px;--awb-sep-color:var(--awb-color8);border-color:var(--awb-color8);border-top-width:1px;\"><\/div><\/div><div class=\"fusion-sep-clear\"><\/div><div class=\"fusion-text fusion-text-3\"><h3><a href=\"https:\/\/riograndehospital.org\/es\/especialistas-2\/martin-harris-md-dermatology-2-2\/\" rel=\"attachment wp-att-6666\"><img decoding=\"async\" class=\"wp-image-6666 alignleft\" src=\"https:\/\/riograndehospital.org\/wp-content\/uploads\/2025\/05\/Martin-Harris-MD-Dermatology-2.png\" alt=\"\" width=\"258\" height=\"339\" srcset=\"https:\/\/riograndehospital.org\/wp-content\/uploads\/2025\/05\/Martin-Harris-MD-Dermatology-2-200x263.png 200w, https:\/\/riograndehospital.org\/wp-content\/uploads\/2025\/05\/Martin-Harris-MD-Dermatology-2-228x300.png 228w, https:\/\/riograndehospital.org\/wp-content\/uploads\/2025\/05\/Martin-Harris-MD-Dermatology-2.png 380w\" sizes=\"(max-width: 258px) 100vw, 258px\" \/><\/a>Martin Harris, MD<\/h3>\n<div class=\"fusion-text fusion-text-1\">\n<p><em><strong>Especialidad:<\/strong> Dermatolog\u00eda<\/em><\/p>\n<\/div>\n<div class=\"fusion-text fusion-text-2\">\n<p><strong>Biograf\u00eda:<\/strong> El Dr. Martin Harris es dermat\u00f3logo certificado. Creci\u00f3 en Appleton, Wisconsin, y se gradu\u00f3 de la Universidad de Marquette con una Licenciatura en Biolog\u00eda. Despu\u00e9s de la universidad, sirvi\u00f3 en el Ej\u00e9rcito en diversas funciones tanto en Estados Unidos como en el extranjero. Durante su servicio militar, obtuvo su t\u00edtulo de m\u00e9dico en la Universidad de Ciencias de la Salud de los Servicios Uniformados en Bethesda, Maryland. Posteriormente, complet\u00f3 su pasant\u00eda y residencia en dermatolog\u00eda en el Centro M\u00e9dico Militar Nacional Walter Reed.<\/p>\n<p>El Dr. Harris adora la dermatolog\u00eda por su car\u00e1cter integral, que le permite trabajar con pacientes desde el diagn\u00f3stico hasta el tratamiento, con la esperanza de curar sus afecciones. El Dr. Harris busca brindar una atenci\u00f3n amable, compasiva y de alta calidad a los miembros de la comunidad.<\/p>\n<p>El Dr. Harris disfruta de pasar tiempo con su esposa y sus cuatro hijos cuando no est\u00e1 trabajando. Cuando no est\u00e1 disfrutando del aire libre con su familia, se le puede encontrar en la cancha, junto al colch\u00f3n o al margen de alguno de los eventos deportivos de sus hijos.<\/p>\n<h2 style=\"text-align: center;\">Llame al 719-657-3277 para programar una cita.<\/h2>\n<\/div>\n<\/div><div class=\"fusion-clearfix\"><\/div><\/div><\/div><\/div><\/div><div class=\"fusion-fullwidth fullwidth-box fusion-builder-row-2 has-pattern-background has-mask-background hundred-percent-fullwidth non-hundred-percent-height-scrolling fusion-no-small-visibility\" style=\"--awb-background-position:left top;--awb-border-sizes-top:0px;--awb-border-sizes-bottom:0px;--awb-border-sizes-left:0px;--awb-border-sizes-right:0px;--awb-border-radius-top-left:0px;--awb-border-radius-top-right:0px;--awb-border-radius-bottom-right:0px;--awb-border-radius-bottom-left:0px;--awb-padding-top:20px;--awb-padding-bottom:10px;--awb-background-color:#f4f4f4;--awb-flex-wrap:wrap;\" ><div class=\"fusion-builder-row fusion-row\"><div class=\"fusion-layout-column fusion_builder_column fusion-builder-column-1 fusion_builder_column_1_1 1_1 fusion-one-full fusion-column-first fusion-column-last\" style=\"--awb-bg-size:cover;\"><div class=\"fusion-column-wrapper fusion-column-has-shadow fusion-flex-column-wrapper-legacy\"><div class=\"fusion-text fusion-text-4\"><h5 style=\"text-align: center;\">Con una sonrisa y una mano amiga, brindamos atenci\u00f3n y servicio de calidad a nuestras comunidades.<\/h5>\n<\/div><div class=\"fusion-text fusion-text-5\"><p style=\"text-align: center;\">Nos distinguiremos como el destino de atenci\u00f3n m\u00e9dica de confianza.<br \/>\nBrindaremos atenci\u00f3n m\u00e9dica compasiva y abogaremos por el bienestar a trav\u00e9s del acceso innovador, la medicina preventiva,<br \/>\ny asociaciones colaborativas dentro de nuestra diversa comunidad.<\/p>\n<\/div><div class=\"fusion-clearfix\"><\/div><\/div><\/div><\/div><\/div>\n<div class=\"fusion-fullwidth fullwidth-box fusion-builder-row-3 has-pattern-background has-mask-background hundred-percent-fullwidth non-hundred-percent-height-scrolling\" style=\"--awb-border-radius-top-left:0px;--awb-border-radius-top-right:0px;--awb-border-radius-bottom-right:0px;--awb-border-radius-bottom-left:0px;--awb-flex-wrap:wrap;\" ><div class=\"fusion-builder-row fusion-row\"><div class=\"fusion-layout-column fusion_builder_column fusion-builder-column-2 fusion_builder_column_1_1 1_1 fusion-one-full fusion-column-first fusion-column-last fusion-column-no-min-height\" style=\"--awb-bg-size:cover;--awb-margin-bottom:0px;\"><div class=\"fusion-column-wrapper fusion-flex-column-wrapper-legacy\"><div class=\"fusion-title title fusion-title-2 sep-underline sep-solid fusion-title-center fusion-title-text fusion-title-size-two\" style=\"--awb-margin-top:40px;--awb-margin-bottom:40px;--awb-margin-top-small:0px;--awb-margin-right-small:0px;--awb-margin-bottom-small:20px;--awb-margin-left-small:0px;\"><h2 class=\"fusion-title-heading title-heading-center\" style=\"margin:0;\">NUESTRAS UBICACIONES<\/h2><\/div><div class=\"fusion-clearfix\"><\/div><\/div><\/div><div class=\"fusion-layout-column fusion_builder_column fusion-builder-column-3 fusion_builder_column_1_5 1_5 fusion-one-fifth fusion-column-first\" style=\"--awb-bg-size:cover;width:16.8%; margin-right: 4%;\"><div class=\"fusion-column-wrapper fusion-flex-column-wrapper-legacy\"><div class=\"fusion-text fusion-text-6\"><h6 style=\"text-align: center;\"><em><strong>Hospital Rio Grande<\/strong><\/em><\/h6>\n<p style=\"text-align: center;\">310 Carretera del condado 14<br \/>\nDel Norte, CO 81132<br \/>\nTel\u00e9fono: 719-657-2510<br \/>\nAbierto: 24 horas al d\u00eda, 7 d\u00edas a la semana<\/p>\n<\/div><div class=\"fusion-clearfix\"><\/div><\/div><\/div><div class=\"fusion-layout-column fusion_builder_column fusion-builder-column-4 fusion_builder_column_1_5 1_5 fusion-one-fifth\" style=\"--awb-bg-size:cover;width:16.8%; margin-right: 4%;\"><div class=\"fusion-column-wrapper fusion-flex-column-wrapper-legacy\"><div class=\"fusion-text fusion-text-7\"><h6 style=\"text-align: center;\"><b><i>Pr\u00e1ctica<\/i><\/b> <em><strong>familiar Creede<\/strong><\/em><\/h6>\n<p style=\"text-align: center;\">802 R\u00edo Grande Ave<br \/>\nCredo, CO 81130<br \/>\nTel\u00e9fono: 719-658-0929<\/p>\n<\/div><div class=\"fusion-clearfix\"><\/div><\/div><\/div><div class=\"fusion-layout-column fusion_builder_column fusion-builder-column-5 fusion_builder_column_1_5 1_5 fusion-one-fifth\" style=\"--awb-bg-size:cover;width:16.8%; margin-right: 4%;\"><div class=\"fusion-column-wrapper fusion-flex-column-wrapper-legacy\"><div class=\"fusion-text fusion-text-8\"><h6 style=\"text-align: center;\"><strong><i>Cl\u00ednica del Hospital Rio Grande<\/i><\/strong><\/h6>\n<p style=\"text-align: center;\">310C Carretera del condado 14<br \/>\nDel Norte, CO 81132<br \/>\nTel\u00e9fono: 719-657-2418<\/p>\n<\/div><div class=\"fusion-clearfix\"><\/div><\/div><\/div><div class=\"fusion-layout-column fusion_builder_column fusion-builder-column-6 fusion_builder_column_1_5 1_5 fusion-one-fifth\" style=\"--awb-bg-size:cover;width:16.8%; margin-right: 4%;\"><div class=\"fusion-column-wrapper fusion-flex-column-wrapper-legacy\"><div class=\"fusion-text fusion-text-9\"><h6 style=\"text-align: center;\"><em><strong>Cl\u00ednica M\u00e9dica Monte Vista<\/strong><\/em><\/h6>\n<p style=\"text-align: center;\">1033 2nd Avenue<br \/>\nMonte Vista, CO 81144<br \/>\nTel: 719-852-8827<br \/>\nTel de farmacia: 719-628-0533<\/p>\n<\/div><div class=\"fusion-clearfix\"><\/div><\/div><\/div><div class=\"fusion-layout-column fusion_builder_column fusion-builder-column-7 fusion_builder_column_1_5 1_5 fusion-one-fifth fusion-column-last\" style=\"--awb-bg-size:cover;width:16.8%;\"><div class=\"fusion-column-wrapper fusion-flex-column-wrapper-legacy\"><div class=\"fusion-text fusion-text-10\"><h6 style=\"text-align: center;\"><em><strong>Cl\u00ednica del Hospital Rio Grande en South Fork<\/strong><\/em><\/h6>\n<p style=\"text-align: center;\">Calle Jackson 52<br \/>\nTenedor del sur, Colorado 81154<br \/>\nTel\u00e9fono: 719-873-5494<br \/>\nFax: 719-873-5488<\/p>\n<\/div><div class=\"fusion-clearfix\"><\/div><\/div><\/div><\/div><\/div>\n<\/p>\n","protected":false},"excerpt":{"rendered":"","protected":false},"author":1,"featured_media":0,"parent":0,"menu_order":0,"comment_status":"closed","ping_status":"closed","template":"100-width.php","meta":{"footnotes":""},"class_list":["post-3831","page","type-page","status-publish","hentry"],"yoast_head":"<!-- This site is optimized with the Yoast SEO plugin v27.4 - https:\/\/yoast.com\/product\/yoast-seo-wordpress\/ -->\n<title>Dermatolog\u00eda - Rio Grande Hospital Health Care Clinics Monte Vista Del Norte South Fork Creede Colorado<\/title>\n<meta name=\"robots\" content=\"index, follow, max-snippet:-1, max-image-preview:large, max-video-preview:-1\" \/>\n<link rel=\"canonical\" href=\"https:\/\/riograndehospital.org\/es\/dermatologia\/\" \/>\n<meta property=\"og:locale\" content=\"es_ES\" \/>\n<meta property=\"og:type\" content=\"article\" \/>\n<meta property=\"og:title\" content=\"Dermatolog\u00eda - Rio Grande Hospital Health Care Clinics Monte Vista Del Norte South Fork Creede Colorado\" \/>\n<meta property=\"og:url\" content=\"https:\/\/riograndehospital.org\/es\/dermatologia\/\" \/>\n<meta property=\"og:site_name\" content=\"Rio Grande Hospital Health Care Clinics Monte Vista Del Norte South Fork Creede Colorado\" \/>\n<meta property=\"article:publisher\" content=\"https:\/\/facebook.com\/Rio-Grande-Hospital\" \/>\n<meta property=\"article:modified_time\" content=\"2025-06-12T17:50:30+00:00\" \/>\n<meta property=\"og:image\" content=\"https:\/\/riograndehospital.org\/wp-content\/uploads\/2021\/04\/Kathryn-Echols-cropped-scaled.jpg\" \/>\n\t<meta property=\"og:image:width\" content=\"2355\" \/>\n\t<meta property=\"og:image:height\" content=\"2560\" \/>\n\t<meta property=\"og:image:type\" content=\"image\/jpeg\" \/>\n<meta name=\"twitter:card\" content=\"summary_large_image\" \/>\n<meta name=\"twitter:label1\" content=\"Tiempo de lectura\" \/>\n\t<meta name=\"twitter:data1\" content=\"4 minutos\" \/>\n<script type=\"application\/ld+json\" class=\"yoast-schema-graph\">{\"@context\":\"https:\\\/\\\/schema.org\",\"@graph\":[{\"@type\":\"WebPage\",\"@id\":\"https:\\\/\\\/riograndehospital.org\\\/es\\\/dermatologia\\\/\",\"url\":\"https:\\\/\\\/riograndehospital.org\\\/es\\\/dermatologia\\\/\",\"name\":\"Dermatolog\u00eda - Rio Grande Hospital Health Care Clinics Monte Vista Del Norte South Fork Creede Colorado\",\"isPartOf\":{\"@id\":\"https:\\\/\\\/riograndehospital.org\\\/es\\\/#website\"},\"primaryImageOfPage\":{\"@id\":\"https:\\\/\\\/riograndehospital.org\\\/es\\\/dermatologia\\\/#primaryimage\"},\"image\":{\"@id\":\"https:\\\/\\\/riograndehospital.org\\\/es\\\/dermatologia\\\/#primaryimage\"},\"thumbnailUrl\":\"https:\\\/\\\/riograndehospital.org\\\/wp-content\\\/uploads\\\/2021\\\/04\\\/Kathryn-Echols-cropped-scaled.jpg\",\"datePublished\":\"2021-12-17T16:48:22+00:00\",\"dateModified\":\"2025-06-12T17:50:30+00:00\",\"breadcrumb\":{\"@id\":\"https:\\\/\\\/riograndehospital.org\\\/es\\\/dermatologia\\\/#breadcrumb\"},\"inLanguage\":\"es\",\"potentialAction\":[{\"@type\":\"ReadAction\",\"target\":[\"https:\\\/\\\/riograndehospital.org\\\/es\\\/dermatologia\\\/\"]}]},{\"@type\":\"ImageObject\",\"inLanguage\":\"es\",\"@id\":\"https:\\\/\\\/riograndehospital.org\\\/es\\\/dermatologia\\\/#primaryimage\",\"url\":\"https:\\\/\\\/riograndehospital.org\\\/wp-content\\\/uploads\\\/2021\\\/04\\\/Kathryn-Echols-cropped-scaled.jpg\",\"contentUrl\":\"https:\\\/\\\/riograndehospital.org\\\/wp-content\\\/uploads\\\/2021\\\/04\\\/Kathryn-Echols-cropped-scaled.jpg\"},{\"@type\":\"BreadcrumbList\",\"@id\":\"https:\\\/\\\/riograndehospital.org\\\/es\\\/dermatologia\\\/#breadcrumb\",\"itemListElement\":[{\"@type\":\"ListItem\",\"position\":1,\"name\":\"Home\",\"item\":\"https:\\\/\\\/riograndehospital.org\\\/es\\\/\"},{\"@type\":\"ListItem\",\"position\":2,\"name\":\"Dermatolog\u00eda\"}]},{\"@type\":\"WebSite\",\"@id\":\"https:\\\/\\\/riograndehospital.org\\\/es\\\/#website\",\"url\":\"https:\\\/\\\/riograndehospital.org\\\/es\\\/\",\"name\":\"Rio Grande Hospital Health Care Clinics Monte Vista Del Norte South Fork Creede Colorado\",\"description\":\"With a smile and a helping hand, we will provide quality healthcare for the communities we serve.\",\"publisher\":{\"@id\":\"https:\\\/\\\/riograndehospital.org\\\/es\\\/#organization\"},\"potentialAction\":[{\"@type\":\"SearchAction\",\"target\":{\"@type\":\"EntryPoint\",\"urlTemplate\":\"https:\\\/\\\/riograndehospital.org\\\/es\\\/?s={search_term_string}\"},\"query-input\":{\"@type\":\"PropertyValueSpecification\",\"valueRequired\":true,\"valueName\":\"search_term_string\"}}],\"inLanguage\":\"es\"},{\"@type\":\"Organization\",\"@id\":\"https:\\\/\\\/riograndehospital.org\\\/es\\\/#organization\",\"name\":\"Rio Grande Hospital\",\"url\":\"https:\\\/\\\/riograndehospital.org\\\/es\\\/\",\"logo\":{\"@type\":\"ImageObject\",\"inLanguage\":\"es\",\"@id\":\"https:\\\/\\\/riograndehospital.org\\\/es\\\/#\\\/schema\\\/logo\\\/image\\\/\",\"url\":\"https:\\\/\\\/b765244dc3.nxcli.io\\\/wp-content\\\/uploads\\\/2016\\\/09\\\/RGHLogo200.png\",\"contentUrl\":\"https:\\\/\\\/b765244dc3.nxcli.io\\\/wp-content\\\/uploads\\\/2016\\\/09\\\/RGHLogo200.png\",\"width\":200,\"height\":159,\"caption\":\"Rio Grande Hospital\"},\"image\":{\"@id\":\"https:\\\/\\\/riograndehospital.org\\\/es\\\/#\\\/schema\\\/logo\\\/image\\\/\"},\"sameAs\":[\"https:\\\/\\\/facebook.com\\\/Rio-Grande-Hospital\"]}]}<\/script>\n<!-- \/ Yoast SEO plugin. -->","yoast_head_json":{"title":"Dermatolog\u00eda - Rio Grande Hospital Health Care Clinics Monte Vista Del Norte South Fork Creede Colorado","robots":{"index":"index","follow":"follow","max-snippet":"max-snippet:-1","max-image-preview":"max-image-preview:large","max-video-preview":"max-video-preview:-1"},"canonical":"https:\/\/riograndehospital.org\/es\/dermatologia\/","og_locale":"es_ES","og_type":"article","og_title":"Dermatolog\u00eda - Rio Grande Hospital Health Care Clinics Monte Vista Del Norte South Fork Creede Colorado","og_url":"https:\/\/riograndehospital.org\/es\/dermatologia\/","og_site_name":"Rio Grande Hospital Health Care Clinics Monte Vista Del Norte South Fork Creede Colorado","article_publisher":"https:\/\/facebook.com\/Rio-Grande-Hospital","article_modified_time":"2025-06-12T17:50:30+00:00","og_image":[{"width":2355,"height":2560,"url":"https:\/\/riograndehospital.org\/wp-content\/uploads\/2021\/04\/Kathryn-Echols-cropped-scaled.jpg","type":"image\/jpeg"}],"twitter_card":"summary_large_image","twitter_misc":{"Tiempo de lectura":"4 minutos"},"schema":{"@context":"https:\/\/schema.org","@graph":[{"@type":"WebPage","@id":"https:\/\/riograndehospital.org\/es\/dermatologia\/","url":"https:\/\/riograndehospital.org\/es\/dermatologia\/","name":"Dermatolog\u00eda - Rio Grande Hospital Health Care Clinics Monte Vista Del Norte South Fork Creede Colorado","isPartOf":{"@id":"https:\/\/riograndehospital.org\/es\/#website"},"primaryImageOfPage":{"@id":"https:\/\/riograndehospital.org\/es\/dermatologia\/#primaryimage"},"image":{"@id":"https:\/\/riograndehospital.org\/es\/dermatologia\/#primaryimage"},"thumbnailUrl":"https:\/\/riograndehospital.org\/wp-content\/uploads\/2021\/04\/Kathryn-Echols-cropped-scaled.jpg","datePublished":"2021-12-17T16:48:22+00:00","dateModified":"2025-06-12T17:50:30+00:00","breadcrumb":{"@id":"https:\/\/riograndehospital.org\/es\/dermatologia\/#breadcrumb"},"inLanguage":"es","potentialAction":[{"@type":"ReadAction","target":["https:\/\/riograndehospital.org\/es\/dermatologia\/"]}]},{"@type":"ImageObject","inLanguage":"es","@id":"https:\/\/riograndehospital.org\/es\/dermatologia\/#primaryimage","url":"https:\/\/riograndehospital.org\/wp-content\/uploads\/2021\/04\/Kathryn-Echols-cropped-scaled.jpg","contentUrl":"https:\/\/riograndehospital.org\/wp-content\/uploads\/2021\/04\/Kathryn-Echols-cropped-scaled.jpg"},{"@type":"BreadcrumbList","@id":"https:\/\/riograndehospital.org\/es\/dermatologia\/#breadcrumb","itemListElement":[{"@type":"ListItem","position":1,"name":"Home","item":"https:\/\/riograndehospital.org\/es\/"},{"@type":"ListItem","position":2,"name":"Dermatolog\u00eda"}]},{"@type":"WebSite","@id":"https:\/\/riograndehospital.org\/es\/#website","url":"https:\/\/riograndehospital.org\/es\/","name":"Rio Grande Hospital Health Care Clinics Monte Vista Del Norte South Fork Creede Colorado","description":"With a smile and a helping hand, we will provide quality healthcare for the communities we serve.","publisher":{"@id":"https:\/\/riograndehospital.org\/es\/#organization"},"potentialAction":[{"@type":"SearchAction","target":{"@type":"EntryPoint","urlTemplate":"https:\/\/riograndehospital.org\/es\/?s={search_term_string}"},"query-input":{"@type":"PropertyValueSpecification","valueRequired":true,"valueName":"search_term_string"}}],"inLanguage":"es"},{"@type":"Organization","@id":"https:\/\/riograndehospital.org\/es\/#organization","name":"Rio Grande Hospital","url":"https:\/\/riograndehospital.org\/es\/","logo":{"@type":"ImageObject","inLanguage":"es","@id":"https:\/\/riograndehospital.org\/es\/#\/schema\/logo\/image\/","url":"https:\/\/b765244dc3.nxcli.io\/wp-content\/uploads\/2016\/09\/RGHLogo200.png","contentUrl":"https:\/\/b765244dc3.nxcli.io\/wp-content\/uploads\/2016\/09\/RGHLogo200.png","width":200,"height":159,"caption":"Rio Grande Hospital"},"image":{"@id":"https:\/\/riograndehospital.org\/es\/#\/schema\/logo\/image\/"},"sameAs":["https:\/\/facebook.com\/Rio-Grande-Hospital"]}]}},"_links":{"self":[{"href":"https:\/\/riograndehospital.org\/es\/wp-json\/wp\/v2\/pages\/3831","targetHints":{"allow":["GET"]}}],"collection":[{"href":"https:\/\/riograndehospital.org\/es\/wp-json\/wp\/v2\/pages"}],"about":[{"href":"https:\/\/riograndehospital.org\/es\/wp-json\/wp\/v2\/types\/page"}],"author":[{"embeddable":true,"href":"https:\/\/riograndehospital.org\/es\/wp-json\/wp\/v2\/users\/1"}],"replies":[{"embeddable":true,"href":"https:\/\/riograndehospital.org\/es\/wp-json\/wp\/v2\/comments?post=3831"}],"version-history":[{"count":2,"href":"https:\/\/riograndehospital.org\/es\/wp-json\/wp\/v2\/pages\/3831\/revisions"}],"predecessor-version":[{"id":7044,"href":"https:\/\/riograndehospital.org\/es\/wp-json\/wp\/v2\/pages\/3831\/revisions\/7044"}],"wp:attachment":[{"href":"https:\/\/riograndehospital.org\/es\/wp-json\/wp\/v2\/media?parent=3831"}],"curies":[{"name":"wp","href":"https:\/\/api.w.org\/{rel}","templated":true}]}}