{"id":3840,"date":"2021-12-17T09:48:24","date_gmt":"2021-12-17T16:48:24","guid":{"rendered":"https:\/\/b765244dc3.nxcli.io\/kathryn-echols\/"},"modified":"2022-06-22T08:45:13","modified_gmt":"2022-06-22T14:45:13","slug":"kathryn-echols","status":"publish","type":"page","link":"https:\/\/riograndehospital.org\/es\/kathryn-echols\/","title":{"rendered":"Kathryn Echols"},"content":{"rendered":"<p><div class=\"fusion-fullwidth fullwidth-box fusion-builder-row-1 nonhundred-percent-fullwidth non-hundred-percent-height-scrolling\" style=\"--awb-border-radius-top-left:0px;--awb-border-radius-top-right:0px;--awb-border-radius-bottom-right:0px;--awb-border-radius-bottom-left:0px;--awb-margin-top:20px;--awb-flex-wrap:wrap;\" ><div class=\"fusion-builder-row fusion-row\"><div class=\"fusion-layout-column fusion_builder_column fusion-builder-column-0 fusion_builder_column_1_4 1_4 fusion-one-fourth fusion-column-first\" style=\"--awb-bg-size:cover;width:25%;width:calc(25% - ( ( 4% ) * 0.25 ) );margin-right: 4%;\"><div class=\"fusion-column-wrapper fusion-flex-column-wrapper-legacy\"><div class=\"fusion-image-element in-legacy-container\" style=\"--awb-caption-title-font-family:var(--h2_typography-font-family);--awb-caption-title-font-weight:var(--h2_typography-font-weight);--awb-caption-title-font-style:var(--h2_typography-font-style);--awb-caption-title-size:var(--h2_typography-font-size);--awb-caption-title-transform:var(--h2_typography-text-transform);--awb-caption-title-line-height:var(--h2_typography-line-height);--awb-caption-title-letter-spacing:var(--h2_typography-letter-spacing);\"><span class=\" fusion-imageframe imageframe-none imageframe-1 hover-type-none\"><img decoding=\"async\" width=\"400\" height=\"600\" title=\"KathrynEchols\" src=\"https:\/\/riograndehospital.org\/wp-content\/uploads\/2021\/08\/KathrynEchols.jpg\" alt class=\"img-responsive wp-image-2585 \" srcset=\"https:\/\/riograndehospital.org\/wp-content\/uploads\/2021\/08\/KathrynEchols-200x300.jpg 200w, https:\/\/riograndehospital.org\/wp-content\/uploads\/2021\/08\/KathrynEchols.jpg 400w\" sizes=\"(max-width: 800px) 100vw, 400px\" \/><\/span><\/div><div class=\"fusion-clearfix\"><\/div><\/div><\/div><div class=\"fusion-layout-column fusion_builder_column fusion-builder-column-1 fusion_builder_column_3_4 3_4 fusion-three-fourth fusion-column-last\" style=\"--awb-bg-size:cover;width:75%;width:calc(75% - ( ( 4% ) * 0.75 ) );\"><div class=\"fusion-column-wrapper fusion-flex-column-wrapper-legacy\"><div class=\"fusion-title title fusion-title-1 sep-underline sep-solid fusion-title-text fusion-title-size-three\" style=\"--awb-margin-top-small:0px;--awb-margin-right-small:0px;--awb-margin-bottom-small:20px;--awb-margin-left-small:0px;\"><h3 class=\"fusion-title-heading title-heading-left\" style=\"margin:0;\">Kathryn Echols, MD<\/h3><\/div><div class=\"fusion-text fusion-text-1\"><p><em><strong>Especialidad:<\/strong> Dermatolog\u00eda<br \/>\n<\/em><\/p>\n<\/div><div class=\"fusion-text fusion-text-2\"><p><strong>Biograf\u00eda:<\/strong> El Dr. <span class=\"markb97vedzpl\" data-markjs=\"true\" data-ogac=\"\" data-ogab=\"\" data-ogsc=\"\" data-ogsb=\"\">Echols<\/span> creci\u00f3 en el condado de Pike, Georgia. Amaba la ciencia desde una edad temprana y al final de la escuela secundaria supo que quer\u00eda seguir una carrera en el cuidado de la salud. Su abuelo, el Dr. Raymond E. Flake, \u00e9l mismo un m\u00e9dico de medicina interna jubilado, jug\u00f3 un papel importante en inspirarla a elegir la medicina. La Dra. <span class=\"markb97vedzpl\" data-markjs=\"true\" data-ogac=\"\" data-ogab=\"\" data-ogsc=\"\" data-ogsb=\"\">Echols<\/span> estaba particularmente interesada en el campo de la patolog\u00eda, pero durante la escuela de medicina en el Medical College of Georgia se dio cuenta de que le encantaba interactuar con los pacientes y no quer\u00eda renunciar a la atenci\u00f3n directa al paciente. Luego descubri\u00f3 la dermatolog\u00eda. La dermatolog\u00eda es un campo \u00fanico en la medicina: un m\u00e9dico puede formarse en dermatolog\u00eda, realizar una formaci\u00f3n adicional en dermatopatolog\u00eda y luego practicar tanto la dermatolog\u00eda cl\u00ednica y quir\u00fargica como la dermatopatolog\u00eda. Encajaba perfectamente con su amplia gama de intereses.<\/p>\n<div>\n<p>Despu\u00e9s de completar la escuela de medicina en The Medical College of Georgia, la Dra. <span class=\"markb97vedzpl\" data-markjs=\"true\" data-ogac=\"\" data-ogab=\"\" data-ogsc=\"\" data-ogsb=\"\">Echols<\/span> se mud\u00f3 a Colorado para su pasant\u00eda en Presbyterian \/ St. Luke&#8217;s Medical Center en Denver a trav\u00e9s de The Colorado Health Foundation. Fue durante este a\u00f1o que la Dra. <span class=\"markb97vedzpl\" data-markjs=\"true\" data-ogac=\"\" data-ogab=\"\" data-ogsc=\"\" data-ogsb=\"\">Echols<\/span> y su esposo se enamoraron de Colorado. Despu\u00e9s de su pasant\u00eda, complet\u00f3 un programa de residencia en dermatolog\u00eda de tres a\u00f1os en Charleston, SC en la Universidad M\u00e9dica de Carolina del Sur, donde se capacit\u00f3 en dermatolog\u00eda general, dermatolog\u00eda cosm\u00e9tica, cirug\u00eda dermatol\u00f3gica y dermatolog\u00eda pedi\u00e1trica. Despu\u00e9s de completar su residencia, complet\u00f3 una beca de un a\u00f1o en dermatopatolog\u00eda en la Universidad M\u00e9dica de Carolina del Sur, donde obtuvo capacitaci\u00f3n especializada en la interpretaci\u00f3n de biopsias de piel.<\/p>\n<\/div>\n<p style=\"text-align: center;\"><em><strong>Llame al 719-657-3277 para programar una cita<\/strong><\/em><\/p>\n<p>&nbsp;<\/p>\n<\/div><div class=\"fusion-clearfix\"><\/div><\/div><\/div><\/div><\/div><div class=\"fusion-fullwidth fullwidth-box fusion-builder-row-2 has-pattern-background has-mask-background hundred-percent-fullwidth non-hundred-percent-height-scrolling fusion-no-small-visibility\" style=\"--awb-background-position:left top;--awb-border-sizes-top:0px;--awb-border-sizes-bottom:0px;--awb-border-sizes-left:0px;--awb-border-sizes-right:0px;--awb-border-radius-top-left:0px;--awb-border-radius-top-right:0px;--awb-border-radius-bottom-right:0px;--awb-border-radius-bottom-left:0px;--awb-padding-top:20px;--awb-padding-bottom:10px;--awb-background-color:#f4f4f4;--awb-flex-wrap:wrap;\" ><div class=\"fusion-builder-row fusion-row\"><div class=\"fusion-layout-column fusion_builder_column fusion-builder-column-2 fusion_builder_column_1_1 1_1 fusion-one-full fusion-column-first fusion-column-last\" style=\"--awb-bg-size:cover;\"><div class=\"fusion-column-wrapper fusion-column-has-shadow fusion-flex-column-wrapper-legacy\"><div class=\"fusion-text fusion-text-3\"><h5 style=\"text-align: center;\">Con una sonrisa y una mano amiga, brindamos atenci\u00f3n y servicio de calidad a nuestras comunidades.<\/h5>\n<\/div><div class=\"fusion-text fusion-text-4\"><p style=\"text-align: center;\">Nos distinguiremos como el destino de atenci\u00f3n m\u00e9dica de confianza.<br \/>\nBrindaremos atenci\u00f3n m\u00e9dica compasiva y abogaremos por el bienestar a trav\u00e9s del acceso innovador, la medicina preventiva,<br \/>\ny asociaciones colaborativas dentro de nuestra diversa comunidad.<\/p>\n<\/div><div class=\"fusion-clearfix\"><\/div><\/div><\/div><\/div><\/div>\n<div class=\"fusion-fullwidth fullwidth-box fusion-builder-row-3 has-pattern-background has-mask-background hundred-percent-fullwidth non-hundred-percent-height-scrolling\" style=\"--awb-border-radius-top-left:0px;--awb-border-radius-top-right:0px;--awb-border-radius-bottom-right:0px;--awb-border-radius-bottom-left:0px;--awb-flex-wrap:wrap;\" ><div class=\"fusion-builder-row fusion-row\"><div class=\"fusion-layout-column fusion_builder_column fusion-builder-column-3 fusion_builder_column_1_1 1_1 fusion-one-full fusion-column-first fusion-column-last fusion-column-no-min-height\" style=\"--awb-bg-size:cover;--awb-margin-bottom:0px;\"><div class=\"fusion-column-wrapper fusion-flex-column-wrapper-legacy\"><div class=\"fusion-title title fusion-title-2 sep-underline sep-solid fusion-title-center fusion-title-text fusion-title-size-two\" style=\"--awb-margin-top:40px;--awb-margin-bottom:40px;--awb-margin-top-small:0px;--awb-margin-right-small:0px;--awb-margin-bottom-small:20px;--awb-margin-left-small:0px;\"><h2 class=\"fusion-title-heading title-heading-center\" style=\"margin:0;\">NUESTRAS UBICACIONES<\/h2><\/div><div class=\"fusion-clearfix\"><\/div><\/div><\/div><div class=\"fusion-layout-column fusion_builder_column fusion-builder-column-4 fusion_builder_column_1_5 1_5 fusion-one-fifth fusion-column-first\" style=\"--awb-bg-size:cover;width:16.8%; margin-right: 4%;\"><div class=\"fusion-column-wrapper fusion-flex-column-wrapper-legacy\"><div class=\"fusion-text fusion-text-5\"><h6 style=\"text-align: center;\"><em><strong>Hospital Rio Grande<\/strong><\/em><\/h6>\n<p style=\"text-align: center;\">310 Carretera del condado 14<br \/>\nDel Norte, CO 81132<br \/>\nTel\u00e9fono: 719-657-2510<br \/>\nAbierto: 24 horas al d\u00eda, 7 d\u00edas a la semana<\/p>\n<\/div><div class=\"fusion-clearfix\"><\/div><\/div><\/div><div class=\"fusion-layout-column fusion_builder_column fusion-builder-column-5 fusion_builder_column_1_5 1_5 fusion-one-fifth\" style=\"--awb-bg-size:cover;width:16.8%; margin-right: 4%;\"><div class=\"fusion-column-wrapper fusion-flex-column-wrapper-legacy\"><div class=\"fusion-text fusion-text-6\"><h6 style=\"text-align: center;\"><b><i>Pr\u00e1ctica<\/i><\/b> <em><strong>familiar Creede<\/strong><\/em><\/h6>\n<p style=\"text-align: center;\">802 R\u00edo Grande Ave<br \/>\nCredo, CO 81130<br \/>\nTel\u00e9fono: 719-658-0929<\/p>\n<\/div><div class=\"fusion-clearfix\"><\/div><\/div><\/div><div class=\"fusion-layout-column fusion_builder_column fusion-builder-column-6 fusion_builder_column_1_5 1_5 fusion-one-fifth\" style=\"--awb-bg-size:cover;width:16.8%; margin-right: 4%;\"><div class=\"fusion-column-wrapper fusion-flex-column-wrapper-legacy\"><div class=\"fusion-text fusion-text-7\"><h6 style=\"text-align: center;\"><strong><i>Cl\u00ednica del Hospital Rio Grande<\/i><\/strong><\/h6>\n<p style=\"text-align: center;\">310C Carretera del condado 14<br \/>\nDel Norte, CO 81132<br \/>\nTel\u00e9fono: 719-657-2418<\/p>\n<\/div><div class=\"fusion-clearfix\"><\/div><\/div><\/div><div class=\"fusion-layout-column fusion_builder_column fusion-builder-column-7 fusion_builder_column_1_5 1_5 fusion-one-fifth\" style=\"--awb-bg-size:cover;width:16.8%; margin-right: 4%;\"><div class=\"fusion-column-wrapper fusion-flex-column-wrapper-legacy\"><div class=\"fusion-text fusion-text-8\"><h6 style=\"text-align: center;\"><em><strong>Cl\u00ednica M\u00e9dica Monte Vista<\/strong><\/em><\/h6>\n<p style=\"text-align: center;\">1033 2nd Avenue<br \/>\nMonte Vista, CO 81144<br \/>\nTel: 719-852-8827<br \/>\nTel de farmacia: 719-628-0533<\/p>\n<\/div><div class=\"fusion-clearfix\"><\/div><\/div><\/div><div class=\"fusion-layout-column fusion_builder_column fusion-builder-column-8 fusion_builder_column_1_5 1_5 fusion-one-fifth fusion-column-last\" style=\"--awb-bg-size:cover;width:16.8%;\"><div class=\"fusion-column-wrapper fusion-flex-column-wrapper-legacy\"><div class=\"fusion-text fusion-text-9\"><h6 style=\"text-align: center;\"><em><strong>Cl\u00ednica del Hospital Rio Grande en South Fork<\/strong><\/em><\/h6>\n<p style=\"text-align: center;\">Calle Jackson 52<br \/>\nTenedor del sur, Colorado 81154<br \/>\nTel\u00e9fono: 719-873-5494<br \/>\nFax: 719-873-5488<\/p>\n<\/div><div class=\"fusion-clearfix\"><\/div><\/div><\/div><\/div><\/div>\n<\/p>\n","protected":false},"excerpt":{"rendered":"","protected":false},"author":1,"featured_media":0,"parent":0,"menu_order":0,"comment_status":"closed","ping_status":"closed","template":"100-width.php","meta":{"footnotes":""},"class_list":["post-3840","page","type-page","status-publish","hentry"],"yoast_head":"<!-- This site is optimized with the Yoast SEO plugin v27.4 - https:\/\/yoast.com\/product\/yoast-seo-wordpress\/ -->\n<title>Kathryn Echols - Rio Grande Hospital Health Care Clinics Monte Vista Del Norte South Fork Creede Colorado<\/title>\n<meta name=\"robots\" content=\"index, follow, max-snippet:-1, max-image-preview:large, max-video-preview:-1\" \/>\n<link rel=\"canonical\" href=\"https:\/\/riograndehospital.org\/es\/kathryn-echols\/\" \/>\n<meta property=\"og:locale\" content=\"es_ES\" \/>\n<meta property=\"og:type\" content=\"article\" \/>\n<meta property=\"og:title\" content=\"Kathryn Echols - Rio Grande Hospital Health Care Clinics Monte Vista Del Norte South Fork Creede Colorado\" \/>\n<meta property=\"og:url\" content=\"https:\/\/riograndehospital.org\/es\/kathryn-echols\/\" \/>\n<meta property=\"og:site_name\" content=\"Rio Grande Hospital Health Care Clinics Monte Vista Del Norte South Fork Creede Colorado\" \/>\n<meta property=\"article:publisher\" content=\"https:\/\/facebook.com\/Rio-Grande-Hospital\" \/>\n<meta property=\"article:modified_time\" content=\"2022-06-22T14:45:13+00:00\" \/>\n<meta name=\"twitter:card\" content=\"summary_large_image\" \/>\n<meta name=\"twitter:label1\" content=\"Tiempo de lectura\" \/>\n\t<meta name=\"twitter:data1\" content=\"6 minutos\" \/>\n<script type=\"application\/ld+json\" class=\"yoast-schema-graph\">{\"@context\":\"https:\\\/\\\/schema.org\",\"@graph\":[{\"@type\":\"WebPage\",\"@id\":\"https:\\\/\\\/riograndehospital.org\\\/es\\\/kathryn-echols\\\/\",\"url\":\"https:\\\/\\\/riograndehospital.org\\\/es\\\/kathryn-echols\\\/\",\"name\":\"Kathryn Echols - Rio Grande Hospital Health Care Clinics Monte Vista Del Norte South Fork Creede Colorado\",\"isPartOf\":{\"@id\":\"https:\\\/\\\/riograndehospital.org\\\/es\\\/#website\"},\"datePublished\":\"2021-12-17T16:48:24+00:00\",\"dateModified\":\"2022-06-22T14:45:13+00:00\",\"breadcrumb\":{\"@id\":\"https:\\\/\\\/riograndehospital.org\\\/es\\\/kathryn-echols\\\/#breadcrumb\"},\"inLanguage\":\"es\",\"potentialAction\":[{\"@type\":\"ReadAction\",\"target\":[\"https:\\\/\\\/riograndehospital.org\\\/es\\\/kathryn-echols\\\/\"]}]},{\"@type\":\"BreadcrumbList\",\"@id\":\"https:\\\/\\\/riograndehospital.org\\\/es\\\/kathryn-echols\\\/#breadcrumb\",\"itemListElement\":[{\"@type\":\"ListItem\",\"position\":1,\"name\":\"Home\",\"item\":\"https:\\\/\\\/riograndehospital.org\\\/es\\\/\"},{\"@type\":\"ListItem\",\"position\":2,\"name\":\"Kathryn Echols\"}]},{\"@type\":\"WebSite\",\"@id\":\"https:\\\/\\\/riograndehospital.org\\\/es\\\/#website\",\"url\":\"https:\\\/\\\/riograndehospital.org\\\/es\\\/\",\"name\":\"Rio Grande Hospital Health Care Clinics Monte Vista Del Norte South Fork Creede Colorado\",\"description\":\"With a smile and a helping hand, we will provide quality healthcare for the communities we serve.\",\"publisher\":{\"@id\":\"https:\\\/\\\/riograndehospital.org\\\/es\\\/#organization\"},\"potentialAction\":[{\"@type\":\"SearchAction\",\"target\":{\"@type\":\"EntryPoint\",\"urlTemplate\":\"https:\\\/\\\/riograndehospital.org\\\/es\\\/?s={search_term_string}\"},\"query-input\":{\"@type\":\"PropertyValueSpecification\",\"valueRequired\":true,\"valueName\":\"search_term_string\"}}],\"inLanguage\":\"es\"},{\"@type\":\"Organization\",\"@id\":\"https:\\\/\\\/riograndehospital.org\\\/es\\\/#organization\",\"name\":\"Rio Grande Hospital\",\"url\":\"https:\\\/\\\/riograndehospital.org\\\/es\\\/\",\"logo\":{\"@type\":\"ImageObject\",\"inLanguage\":\"es\",\"@id\":\"https:\\\/\\\/riograndehospital.org\\\/es\\\/#\\\/schema\\\/logo\\\/image\\\/\",\"url\":\"https:\\\/\\\/b765244dc3.nxcli.io\\\/wp-content\\\/uploads\\\/2016\\\/09\\\/RGHLogo200.png\",\"contentUrl\":\"https:\\\/\\\/b765244dc3.nxcli.io\\\/wp-content\\\/uploads\\\/2016\\\/09\\\/RGHLogo200.png\",\"width\":200,\"height\":159,\"caption\":\"Rio Grande Hospital\"},\"image\":{\"@id\":\"https:\\\/\\\/riograndehospital.org\\\/es\\\/#\\\/schema\\\/logo\\\/image\\\/\"},\"sameAs\":[\"https:\\\/\\\/facebook.com\\\/Rio-Grande-Hospital\"]}]}<\/script>\n<!-- \/ Yoast SEO plugin. -->","yoast_head_json":{"title":"Kathryn Echols - Rio Grande Hospital Health Care Clinics Monte Vista Del Norte South Fork Creede Colorado","robots":{"index":"index","follow":"follow","max-snippet":"max-snippet:-1","max-image-preview":"max-image-preview:large","max-video-preview":"max-video-preview:-1"},"canonical":"https:\/\/riograndehospital.org\/es\/kathryn-echols\/","og_locale":"es_ES","og_type":"article","og_title":"Kathryn Echols - Rio Grande Hospital Health Care Clinics Monte Vista Del Norte South Fork Creede Colorado","og_url":"https:\/\/riograndehospital.org\/es\/kathryn-echols\/","og_site_name":"Rio Grande Hospital Health Care Clinics Monte Vista Del Norte South Fork Creede Colorado","article_publisher":"https:\/\/facebook.com\/Rio-Grande-Hospital","article_modified_time":"2022-06-22T14:45:13+00:00","twitter_card":"summary_large_image","twitter_misc":{"Tiempo de lectura":"6 minutos"},"schema":{"@context":"https:\/\/schema.org","@graph":[{"@type":"WebPage","@id":"https:\/\/riograndehospital.org\/es\/kathryn-echols\/","url":"https:\/\/riograndehospital.org\/es\/kathryn-echols\/","name":"Kathryn Echols - Rio Grande Hospital Health Care Clinics Monte Vista Del Norte South Fork Creede Colorado","isPartOf":{"@id":"https:\/\/riograndehospital.org\/es\/#website"},"datePublished":"2021-12-17T16:48:24+00:00","dateModified":"2022-06-22T14:45:13+00:00","breadcrumb":{"@id":"https:\/\/riograndehospital.org\/es\/kathryn-echols\/#breadcrumb"},"inLanguage":"es","potentialAction":[{"@type":"ReadAction","target":["https:\/\/riograndehospital.org\/es\/kathryn-echols\/"]}]},{"@type":"BreadcrumbList","@id":"https:\/\/riograndehospital.org\/es\/kathryn-echols\/#breadcrumb","itemListElement":[{"@type":"ListItem","position":1,"name":"Home","item":"https:\/\/riograndehospital.org\/es\/"},{"@type":"ListItem","position":2,"name":"Kathryn Echols"}]},{"@type":"WebSite","@id":"https:\/\/riograndehospital.org\/es\/#website","url":"https:\/\/riograndehospital.org\/es\/","name":"Rio Grande Hospital Health Care Clinics Monte Vista Del Norte South Fork Creede Colorado","description":"With a smile and a helping hand, we will provide quality healthcare for the communities we serve.","publisher":{"@id":"https:\/\/riograndehospital.org\/es\/#organization"},"potentialAction":[{"@type":"SearchAction","target":{"@type":"EntryPoint","urlTemplate":"https:\/\/riograndehospital.org\/es\/?s={search_term_string}"},"query-input":{"@type":"PropertyValueSpecification","valueRequired":true,"valueName":"search_term_string"}}],"inLanguage":"es"},{"@type":"Organization","@id":"https:\/\/riograndehospital.org\/es\/#organization","name":"Rio Grande Hospital","url":"https:\/\/riograndehospital.org\/es\/","logo":{"@type":"ImageObject","inLanguage":"es","@id":"https:\/\/riograndehospital.org\/es\/#\/schema\/logo\/image\/","url":"https:\/\/b765244dc3.nxcli.io\/wp-content\/uploads\/2016\/09\/RGHLogo200.png","contentUrl":"https:\/\/b765244dc3.nxcli.io\/wp-content\/uploads\/2016\/09\/RGHLogo200.png","width":200,"height":159,"caption":"Rio Grande Hospital"},"image":{"@id":"https:\/\/riograndehospital.org\/es\/#\/schema\/logo\/image\/"},"sameAs":["https:\/\/facebook.com\/Rio-Grande-Hospital"]}]}},"_links":{"self":[{"href":"https:\/\/riograndehospital.org\/es\/wp-json\/wp\/v2\/pages\/3840","targetHints":{"allow":["GET"]}}],"collection":[{"href":"https:\/\/riograndehospital.org\/es\/wp-json\/wp\/v2\/pages"}],"about":[{"href":"https:\/\/riograndehospital.org\/es\/wp-json\/wp\/v2\/types\/page"}],"author":[{"embeddable":true,"href":"https:\/\/riograndehospital.org\/es\/wp-json\/wp\/v2\/users\/1"}],"replies":[{"embeddable":true,"href":"https:\/\/riograndehospital.org\/es\/wp-json\/wp\/v2\/comments?post=3840"}],"version-history":[{"count":0,"href":"https:\/\/riograndehospital.org\/es\/wp-json\/wp\/v2\/pages\/3840\/revisions"}],"wp:attachment":[{"href":"https:\/\/riograndehospital.org\/es\/wp-json\/wp\/v2\/media?parent=3840"}],"curies":[{"name":"wp","href":"https:\/\/api.w.org\/{rel}","templated":true}]}}