{"id":7249,"date":"2025-06-13T09:18:43","date_gmt":"2025-06-13T15:18:43","guid":{"rendered":"https:\/\/riograndehospital.org\/?page_id=7249"},"modified":"2025-12-15T15:58:39","modified_gmt":"2025-12-15T22:58:39","slug":"kenneth-lewis-spanish","status":"publish","type":"page","link":"https:\/\/riograndehospital.org\/es\/kenneth-lewis-spanish\/","title":{"rendered":"Kenneth Lewis, M.D."},"content":{"rendered":"<p><div class=\"fusion-fullwidth fullwidth-box fusion-builder-row-1 nonhundred-percent-fullwidth non-hundred-percent-height-scrolling\" style=\"--awb-border-radius-top-left:0px;--awb-border-radius-top-right:0px;--awb-border-radius-bottom-right:0px;--awb-border-radius-bottom-left:0px;--awb-margin-top:20px;--awb-flex-wrap:wrap;\" ><div class=\"fusion-builder-row fusion-row\"><div class=\"fusion-layout-column fusion_builder_column fusion-builder-column-0 fusion_builder_column_1_4 1_4 fusion-one-fourth fusion-column-first\" style=\"--awb-bg-size:cover;width:25%;width:calc(25% - ( ( 4% ) * 0.25 ) );margin-right: 4%;\"><div class=\"fusion-column-wrapper fusion-flex-column-wrapper-legacy\"><div class=\"fusion-image-element in-legacy-container\" style=\"--awb-caption-title-font-family:var(--h2_typography-font-family);--awb-caption-title-font-weight:var(--h2_typography-font-weight);--awb-caption-title-font-style:var(--h2_typography-font-style);--awb-caption-title-size:var(--h2_typography-font-size);--awb-caption-title-transform:var(--h2_typography-text-transform);--awb-caption-title-line-height:var(--h2_typography-line-height);--awb-caption-title-letter-spacing:var(--h2_typography-letter-spacing);\"><span class=\" fusion-imageframe imageframe-none imageframe-1 hover-type-none\"><img decoding=\"async\" width=\"240\" height=\"300\" title=\"Dr Kenneth Lewis\" src=\"https:\/\/riograndehospital.org\/wp-content\/uploads\/2023\/10\/Dr-Kenneth-Lewis.jpg\" alt class=\"img-responsive wp-image-5097\" srcset=\"https:\/\/riograndehospital.org\/wp-content\/uploads\/2023\/10\/Dr-Kenneth-Lewis-200x250.jpg 200w, https:\/\/riograndehospital.org\/wp-content\/uploads\/2023\/10\/Dr-Kenneth-Lewis.jpg 240w\" sizes=\"(max-width: 800px) 100vw, 240px\" \/><\/span><\/div><div class=\"fusion-clearfix\"><\/div><\/div><\/div><div class=\"fusion-layout-column fusion_builder_column fusion-builder-column-1 fusion_builder_column_3_4 3_4 fusion-three-fourth fusion-column-last\" style=\"--awb-bg-size:cover;width:75%;width:calc(75% - ( ( 4% ) * 0.75 ) );\"><div class=\"fusion-column-wrapper fusion-flex-column-wrapper-legacy\"><div class=\"fusion-title title fusion-title-1 sep-underline sep-solid fusion-title-text fusion-title-size-three\" style=\"--awb-margin-top-small:0px;--awb-margin-right-small:0px;--awb-margin-bottom-small:20px;--awb-margin-left-small:0px;\"><h3 class=\"fusion-title-heading title-heading-left\" style=\"margin:0;\">Kenneth Lewis, M.D.<\/h3><\/div><div class=\"fusion-text fusion-text-1\"><p><em><strong>Especialidad:<\/strong> Manejo intervencionista del dolor<\/em><\/p>\n<\/div><div class=\"fusion-text fusion-text-2\"><p><strong>Biograf\u00eda:<\/strong><\/p>\n<p>El Dr. Lewis ha tratado a pacientes con dolor cr\u00f3nico en el oeste de Colorado y estados aleda\u00f1os desde 2004, y es el fundador y presidente de Western Rockies Interventional Pain Specialists. Obtuvo una licenciatura en Ciencias con doble especializaci\u00f3n en Qu\u00edmica y Zoolog\u00eda por la Universidad del Norte de Arizona en 1986. Mientras cursaba una maestr\u00eda en neurofisiolog\u00eda en la Universidad del Norte de Arizona, fue aceptado en la facultad de medicina y termin\u00f3 sus estudios en la Facultad de Medicina de la Universidad de Arizona en 1990. Complet\u00f3 su residencia en anestesiolog\u00eda en la Universidad de Arizona en 1994. Posteriormente, ejerci\u00f3 la anestesiolog\u00eda card\u00edaca y fue presidente de Tulsa Anesthesiologist Inc. durante los siguientes 10 a\u00f1os.<\/p>\n<p>Despu\u00e9s de esto, se mud\u00f3 con su familia al oeste de Colorado, donde creci\u00f3 de ni\u00f1o, y ha brindado atenci\u00f3n m\u00e9dica aqu\u00ed desde entonces. El Dr. Lewis fue presidente de la secci\u00f3n de Colorado de la Sociedad Americana de M\u00e9dicos Intervencionistas del Dolor. Disfruta ense\u00f1ando a otros m\u00e9dicos c\u00f3mo tratar el dolor cr\u00f3nico con una amplia variedad de intervenciones. En su tiempo libre, disfruta de la pesca con mosca, la caza con arco, la escalada en roca y de diversas actividades al aire libre. El Dr. Lewis se esfuerza por asegurar que sus pacientes comprendan al m\u00e1ximo la patolog\u00eda que causa su dolor cr\u00f3nico y las terapias que se les ofrecer\u00e1n para tratarlo.<\/p>\n<\/div><div class=\"fusion-clearfix\"><\/div><\/div><\/div><\/div><\/div><div class=\"fusion-fullwidth fullwidth-box fusion-builder-row-2 hundred-percent-fullwidth non-hundred-percent-height-scrolling fusion-no-small-visibility\" style=\"--awb-background-position:left top;--awb-border-sizes-top:0px;--awb-border-sizes-bottom:0px;--awb-border-sizes-left:0px;--awb-border-sizes-right:0px;--awb-border-radius-top-left:0px;--awb-border-radius-top-right:0px;--awb-border-radius-bottom-right:0px;--awb-border-radius-bottom-left:0px;--awb-padding-top:20px;--awb-padding-bottom:10px;--awb-background-color:#f4f4f4;--awb-flex-wrap:wrap;\" ><div class=\"fusion-builder-row fusion-row\"><div class=\"fusion-layout-column fusion_builder_column fusion-builder-column-2 fusion_builder_column_1_1 1_1 fusion-one-full fusion-column-first fusion-column-last\" style=\"--awb-bg-size:cover;\"><div class=\"fusion-column-wrapper fusion-column-has-shadow fusion-flex-column-wrapper-legacy\"><div class=\"fusion-text fusion-text-3\"><h5 style=\"text-align: center;\">Con una sonrisa y una mano amiga, brindamos atenci\u00f3n y servicio de calidad a nuestras comunidades.<\/h5>\n<\/div><div class=\"fusion-text fusion-text-4\"><p style=\"text-align: center;\">Nos distinguiremos como el destino de atenci\u00f3n m\u00e9dica de confianza.<br \/>\nBrindaremos atenci\u00f3n m\u00e9dica compasiva y abogaremos por el bienestar a trav\u00e9s del acceso innovador, la medicina preventiva,<br \/>\ny asociaciones colaborativas dentro de nuestra diversa comunidad.<\/p>\n<\/div><div class=\"fusion-clearfix\"><\/div><\/div><\/div><\/div><div class=\"fusion-builder-row fusion-row\"><\/div><\/div>\n<div class=\"fusion-fullwidth fullwidth-box fusion-builder-row-3 has-pattern-background has-mask-background nonhundred-percent-fullwidth non-hundred-percent-height-scrolling\" style=\"--awb-border-radius-top-left:0px;--awb-border-radius-top-right:0px;--awb-border-radius-bottom-right:0px;--awb-border-radius-bottom-left:0px;--awb-flex-wrap:wrap;\" ><div class=\"fusion-builder-row fusion-row\"><div class=\"fusion-layout-column fusion_builder_column fusion-builder-column-3 fusion_builder_column_1_1 1_1 fusion-one-full fusion-column-first fusion-column-last fusion-column-no-min-height\" style=\"--awb-bg-size:cover;--awb-margin-bottom:0px;\"><div class=\"fusion-column-wrapper fusion-flex-column-wrapper-legacy\"><div class=\"fusion-title title fusion-title-2 sep-underline sep-solid fusion-title-center fusion-title-text fusion-title-size-two\" style=\"--awb-margin-top:40px;--awb-margin-bottom:40px;--awb-margin-top-small:0px;--awb-margin-right-small:0px;--awb-margin-bottom-small:20px;--awb-margin-left-small:0px;\"><h2 class=\"fusion-title-heading title-heading-center\" style=\"margin:0;\">NUESTRAS UBICACIONES<\/h2><\/div><div class=\"fusion-clearfix\"><\/div><\/div><\/div><div class=\"fusion-layout-column fusion_builder_column fusion-builder-column-4 fusion_builder_column_1_5 1_5 fusion-one-fifth fusion-column-first\" style=\"--awb-bg-size:cover;width:16.8%; margin-right: 4%;\"><div class=\"fusion-column-wrapper fusion-flex-column-wrapper-legacy\"><div class=\"fusion-text fusion-text-5\"><h6 style=\"text-align: center;\"><em><strong>Hospital Rio Grande<\/strong><\/em><\/h6>\n<p style=\"text-align: center;\">310 County Road 14<br \/>\nDel Norte, CO 81132<br \/>\nTel: 719-657-2510<br \/>\nAbierto: 24 horas al d\u00eda, 7 d\u00edas a la semana<\/p>\n<\/div><div class=\"fusion-clearfix\"><\/div><\/div><\/div><div class=\"fusion-layout-column fusion_builder_column fusion-builder-column-5 fusion_builder_column_1_5 1_5 fusion-one-fifth\" style=\"--awb-bg-size:cover;width:16.8%; margin-right: 4%;\"><div class=\"fusion-column-wrapper fusion-flex-column-wrapper-legacy\"><div class=\"fusion-text fusion-text-6\"><h6 style=\"text-align: center;\"><b><i>Pr\u00e1ctica<\/i><\/b> <em><strong>familiar Creede<\/strong><\/em><\/h6>\n<p style=\"text-align: center;\">802 Rio Grande Ave<br \/>\nCreede, CO 81130<br \/>\nTel: 719-658-0929<\/p>\n<\/div><div class=\"fusion-clearfix\"><\/div><\/div><\/div><div class=\"fusion-layout-column fusion_builder_column fusion-builder-column-6 fusion_builder_column_1_5 1_5 fusion-one-fifth\" style=\"--awb-bg-size:cover;width:16.8%; margin-right: 4%;\"><div class=\"fusion-column-wrapper fusion-flex-column-wrapper-legacy\"><div class=\"fusion-text fusion-text-7\"><h6 style=\"text-align: center;\"><strong><i>Cl\u00ednica del Hospital Rio Grande<\/i><\/strong><\/h6>\n<p style=\"text-align: center;\">310C County Road 14<br \/>\nDel Norte, CO 81132<br \/>\nTel: 719-657-2418<\/p>\n<\/div><div class=\"fusion-clearfix\"><\/div><\/div><\/div><div class=\"fusion-layout-column fusion_builder_column fusion-builder-column-7 fusion_builder_column_1_5 1_5 fusion-one-fifth\" style=\"--awb-bg-size:cover;width:16.8%; margin-right: 4%;\"><div class=\"fusion-column-wrapper fusion-flex-column-wrapper-legacy\"><div class=\"fusion-text fusion-text-8\"><h6 style=\"text-align: center;\"><em><strong>Cl\u00ednica M\u00e9dica Monte Vista<\/strong><\/em><\/h6>\n<p style=\"text-align: center;\">1033 2nd Avenue<br \/>\nMonte Vista, CO 81144<br \/>\nTel: 719-852-8827<br \/>\nTel de farmacia: 719-628-0533<\/p>\n<\/div><div class=\"fusion-clearfix\"><\/div><\/div><\/div><div class=\"fusion-layout-column fusion_builder_column fusion-builder-column-8 fusion_builder_column_1_5 1_5 fusion-one-fifth fusion-column-last\" style=\"--awb-bg-size:cover;width:16.8%;\"><div class=\"fusion-column-wrapper fusion-flex-column-wrapper-legacy\"><div class=\"fusion-text fusion-text-9\"><h6 style=\"text-align: center;\"><em><strong>Cl\u00ednica del Hospital Rio Grande en South Fork<\/strong><\/em><\/h6>\n<p style=\"text-align: center;\">52 Jackson Street,<br \/>\nSouth Fork, CO 81154,<br \/>\nTel: 719-873-5494<\/p>\n<\/div><div class=\"fusion-clearfix\"><\/div><\/div><\/div><\/div><\/div>\n<\/p>\n","protected":false},"excerpt":{"rendered":"","protected":false},"author":1,"featured_media":0,"parent":0,"menu_order":0,"comment_status":"closed","ping_status":"closed","template":"100-width.php","meta":{"footnotes":""},"class_list":["post-7249","page","type-page","status-publish","hentry"],"yoast_head":"<!-- This site is optimized with the Yoast SEO plugin v27.4 - https:\/\/yoast.com\/product\/yoast-seo-wordpress\/ -->\n<title>Kenneth Lewis, M.D. - Rio Grande Hospital Health Care Clinics Monte Vista Del Norte South Fork Creede Colorado<\/title>\n<meta name=\"robots\" content=\"index, follow, max-snippet:-1, max-image-preview:large, max-video-preview:-1\" \/>\n<link rel=\"canonical\" href=\"https:\/\/riograndehospital.org\/es\/kenneth-lewis-spanish\/\" \/>\n<meta property=\"og:locale\" content=\"es_ES\" \/>\n<meta property=\"og:type\" content=\"article\" \/>\n<meta property=\"og:title\" content=\"Kenneth Lewis, M.D. - Rio Grande Hospital Health Care Clinics Monte Vista Del Norte South Fork Creede Colorado\" \/>\n<meta property=\"og:url\" content=\"https:\/\/riograndehospital.org\/es\/kenneth-lewis-spanish\/\" \/>\n<meta property=\"og:site_name\" content=\"Rio Grande Hospital Health Care Clinics Monte Vista Del Norte South Fork Creede Colorado\" \/>\n<meta property=\"article:publisher\" content=\"https:\/\/facebook.com\/Rio-Grande-Hospital\" \/>\n<meta property=\"article:modified_time\" content=\"2025-12-15T22:58:39+00:00\" \/>\n<meta name=\"twitter:card\" content=\"summary_large_image\" \/>\n<meta name=\"twitter:label1\" content=\"Tiempo de lectura\" \/>\n\t<meta name=\"twitter:data1\" content=\"2 minutos\" \/>\n<script type=\"application\/ld+json\" class=\"yoast-schema-graph\">{\"@context\":\"https:\\\/\\\/schema.org\",\"@graph\":[{\"@type\":\"WebPage\",\"@id\":\"https:\\\/\\\/riograndehospital.org\\\/es\\\/kenneth-lewis-spanish\\\/\",\"url\":\"https:\\\/\\\/riograndehospital.org\\\/es\\\/kenneth-lewis-spanish\\\/\",\"name\":\"Kenneth Lewis, M.D. - Rio Grande Hospital Health Care Clinics Monte Vista Del Norte South Fork Creede Colorado\",\"isPartOf\":{\"@id\":\"https:\\\/\\\/riograndehospital.org\\\/es\\\/#website\"},\"datePublished\":\"2025-06-13T15:18:43+00:00\",\"dateModified\":\"2025-12-15T22:58:39+00:00\",\"breadcrumb\":{\"@id\":\"https:\\\/\\\/riograndehospital.org\\\/es\\\/kenneth-lewis-spanish\\\/#breadcrumb\"},\"inLanguage\":\"es\",\"potentialAction\":[{\"@type\":\"ReadAction\",\"target\":[\"https:\\\/\\\/riograndehospital.org\\\/es\\\/kenneth-lewis-spanish\\\/\"]}]},{\"@type\":\"BreadcrumbList\",\"@id\":\"https:\\\/\\\/riograndehospital.org\\\/es\\\/kenneth-lewis-spanish\\\/#breadcrumb\",\"itemListElement\":[{\"@type\":\"ListItem\",\"position\":1,\"name\":\"Home\",\"item\":\"https:\\\/\\\/riograndehospital.org\\\/es\\\/\"},{\"@type\":\"ListItem\",\"position\":2,\"name\":\"Kenneth Lewis, M.D.\"}]},{\"@type\":\"WebSite\",\"@id\":\"https:\\\/\\\/riograndehospital.org\\\/es\\\/#website\",\"url\":\"https:\\\/\\\/riograndehospital.org\\\/es\\\/\",\"name\":\"Rio Grande Hospital Health Care Clinics Monte Vista Del Norte South Fork Creede Colorado\",\"description\":\"With a smile and a helping hand, we will provide quality healthcare for the communities we serve.\",\"publisher\":{\"@id\":\"https:\\\/\\\/riograndehospital.org\\\/es\\\/#organization\"},\"potentialAction\":[{\"@type\":\"SearchAction\",\"target\":{\"@type\":\"EntryPoint\",\"urlTemplate\":\"https:\\\/\\\/riograndehospital.org\\\/es\\\/?s={search_term_string}\"},\"query-input\":{\"@type\":\"PropertyValueSpecification\",\"valueRequired\":true,\"valueName\":\"search_term_string\"}}],\"inLanguage\":\"es\"},{\"@type\":\"Organization\",\"@id\":\"https:\\\/\\\/riograndehospital.org\\\/es\\\/#organization\",\"name\":\"Rio Grande Hospital\",\"url\":\"https:\\\/\\\/riograndehospital.org\\\/es\\\/\",\"logo\":{\"@type\":\"ImageObject\",\"inLanguage\":\"es\",\"@id\":\"https:\\\/\\\/riograndehospital.org\\\/es\\\/#\\\/schema\\\/logo\\\/image\\\/\",\"url\":\"https:\\\/\\\/b765244dc3.nxcli.io\\\/wp-content\\\/uploads\\\/2016\\\/09\\\/RGHLogo200.png\",\"contentUrl\":\"https:\\\/\\\/b765244dc3.nxcli.io\\\/wp-content\\\/uploads\\\/2016\\\/09\\\/RGHLogo200.png\",\"width\":200,\"height\":159,\"caption\":\"Rio Grande Hospital\"},\"image\":{\"@id\":\"https:\\\/\\\/riograndehospital.org\\\/es\\\/#\\\/schema\\\/logo\\\/image\\\/\"},\"sameAs\":[\"https:\\\/\\\/facebook.com\\\/Rio-Grande-Hospital\"]}]}<\/script>\n<!-- \/ Yoast SEO plugin. -->","yoast_head_json":{"title":"Kenneth Lewis, M.D. - Rio Grande Hospital Health Care Clinics Monte Vista Del Norte South Fork Creede Colorado","robots":{"index":"index","follow":"follow","max-snippet":"max-snippet:-1","max-image-preview":"max-image-preview:large","max-video-preview":"max-video-preview:-1"},"canonical":"https:\/\/riograndehospital.org\/es\/kenneth-lewis-spanish\/","og_locale":"es_ES","og_type":"article","og_title":"Kenneth Lewis, M.D. - Rio Grande Hospital Health Care Clinics Monte Vista Del Norte South Fork Creede Colorado","og_url":"https:\/\/riograndehospital.org\/es\/kenneth-lewis-spanish\/","og_site_name":"Rio Grande Hospital Health Care Clinics Monte Vista Del Norte South Fork Creede Colorado","article_publisher":"https:\/\/facebook.com\/Rio-Grande-Hospital","article_modified_time":"2025-12-15T22:58:39+00:00","twitter_card":"summary_large_image","twitter_misc":{"Tiempo de lectura":"2 minutos"},"schema":{"@context":"https:\/\/schema.org","@graph":[{"@type":"WebPage","@id":"https:\/\/riograndehospital.org\/es\/kenneth-lewis-spanish\/","url":"https:\/\/riograndehospital.org\/es\/kenneth-lewis-spanish\/","name":"Kenneth Lewis, M.D. - Rio Grande Hospital Health Care Clinics Monte Vista Del Norte South Fork Creede Colorado","isPartOf":{"@id":"https:\/\/riograndehospital.org\/es\/#website"},"datePublished":"2025-06-13T15:18:43+00:00","dateModified":"2025-12-15T22:58:39+00:00","breadcrumb":{"@id":"https:\/\/riograndehospital.org\/es\/kenneth-lewis-spanish\/#breadcrumb"},"inLanguage":"es","potentialAction":[{"@type":"ReadAction","target":["https:\/\/riograndehospital.org\/es\/kenneth-lewis-spanish\/"]}]},{"@type":"BreadcrumbList","@id":"https:\/\/riograndehospital.org\/es\/kenneth-lewis-spanish\/#breadcrumb","itemListElement":[{"@type":"ListItem","position":1,"name":"Home","item":"https:\/\/riograndehospital.org\/es\/"},{"@type":"ListItem","position":2,"name":"Kenneth Lewis, M.D."}]},{"@type":"WebSite","@id":"https:\/\/riograndehospital.org\/es\/#website","url":"https:\/\/riograndehospital.org\/es\/","name":"Rio Grande Hospital Health Care Clinics Monte Vista Del Norte South Fork Creede Colorado","description":"With a smile and a helping hand, we will provide quality healthcare for the communities we serve.","publisher":{"@id":"https:\/\/riograndehospital.org\/es\/#organization"},"potentialAction":[{"@type":"SearchAction","target":{"@type":"EntryPoint","urlTemplate":"https:\/\/riograndehospital.org\/es\/?s={search_term_string}"},"query-input":{"@type":"PropertyValueSpecification","valueRequired":true,"valueName":"search_term_string"}}],"inLanguage":"es"},{"@type":"Organization","@id":"https:\/\/riograndehospital.org\/es\/#organization","name":"Rio Grande Hospital","url":"https:\/\/riograndehospital.org\/es\/","logo":{"@type":"ImageObject","inLanguage":"es","@id":"https:\/\/riograndehospital.org\/es\/#\/schema\/logo\/image\/","url":"https:\/\/b765244dc3.nxcli.io\/wp-content\/uploads\/2016\/09\/RGHLogo200.png","contentUrl":"https:\/\/b765244dc3.nxcli.io\/wp-content\/uploads\/2016\/09\/RGHLogo200.png","width":200,"height":159,"caption":"Rio Grande Hospital"},"image":{"@id":"https:\/\/riograndehospital.org\/es\/#\/schema\/logo\/image\/"},"sameAs":["https:\/\/facebook.com\/Rio-Grande-Hospital"]}]}},"_links":{"self":[{"href":"https:\/\/riograndehospital.org\/es\/wp-json\/wp\/v2\/pages\/7249","targetHints":{"allow":["GET"]}}],"collection":[{"href":"https:\/\/riograndehospital.org\/es\/wp-json\/wp\/v2\/pages"}],"about":[{"href":"https:\/\/riograndehospital.org\/es\/wp-json\/wp\/v2\/types\/page"}],"author":[{"embeddable":true,"href":"https:\/\/riograndehospital.org\/es\/wp-json\/wp\/v2\/users\/1"}],"replies":[{"embeddable":true,"href":"https:\/\/riograndehospital.org\/es\/wp-json\/wp\/v2\/comments?post=7249"}],"version-history":[{"count":2,"href":"https:\/\/riograndehospital.org\/es\/wp-json\/wp\/v2\/pages\/7249\/revisions"}],"predecessor-version":[{"id":8412,"href":"https:\/\/riograndehospital.org\/es\/wp-json\/wp\/v2\/pages\/7249\/revisions\/8412"}],"wp:attachment":[{"href":"https:\/\/riograndehospital.org\/es\/wp-json\/wp\/v2\/media?parent=7249"}],"curies":[{"name":"wp","href":"https:\/\/api.w.org\/{rel}","templated":true}]}}